{"id":46,"date":"2016-12-13T14:16:06","date_gmt":"2016-12-13T13:16:06","guid":{"rendered":"http:\/\/pranameditation.de\/wordpress\/?page_id=46"},"modified":"2024-09-08T18:54:35","modified_gmt":"2024-09-08T16:54:35","slug":"agb","status":"publish","type":"page","link":"https:\/\/pranameditation.de\/?page_id=46","title":{"rendered":"AGB"},"content":{"rendered":"<p class=\"Default\"><span style=\"font-family: arial, helvetica, sans-serif; font-size: 28px;\"><strong>Allgemeine Gesch\u00e4ftsbedingungen<\/strong><\/span><\/p>\n<p class=\"Default\">g\u00fcltig f\u00fcr alle angebotenen Workshops und Seminare der Prana-Heilung nach MCKS.<\/p>\n<p class=\"Default\"><strong>Die Anzahlung in H\u00f6he von 100 \u20ac bei Anmeldung zum Seminar sichert die Kursteilnahme.<\/strong><\/p>\n<p>Die Anmeldung erfolgt schriftlich \u00fcber Anmeldeformular von der Webseite www.pranameditation.de, per Fax (040-87973724) oder innenliegend vom Flyer.<\/p>\n<p>Grundlagen des Pranaheilens P1, Kursbeitrag 430 \u20ac,<br \/>\nFortgeschrittenes Pranaheilen P2, Kursbeitrag 520 \u20ac,<br \/>\nPsychoprana, P3, Kursbeitrag 570 \u20ac,<br \/>\nSuper BrainYoga Workshop (3 Stunden) Kosten 60 \u20ac,<br \/>\nDie Anmeldung wird g\u00fcltig mit der \u00dcberweisung der Kursgeb\u00fchr.<\/p>\n<p class=\"Default\">Annekatrin Brodersen Pranalehrerin<br \/>\nHamburger Sparkasse<br \/>\nKonto 1234 128336, BLZ 200 505 50<br \/>\nIBAN: DE42200505501234128336<\/p>\n<p class=\"Default\">Ein R\u00fccktritt von der Anmeldung des\/der Teilnehmer\/s\/in bis 4 Wochen vor Beginn des Seminars muss schriftlich erfolgt sein. Damit wird der gesamte Betrag zur\u00fcck erstattet.<br \/>\nBei R\u00fccktritt bis 2 Wochen vor Kursbeginn, werden 50 % der Geb\u00fchren erstattet.<br \/>\nBei einer Absage des Kurses innerhalb von 2 Wochen vor Kursbeginn ist keine Erstattung mehr m\u00f6glich. Sie k\u00f6nnen nach Absprache eine\/n Ersatzteilnehmer\/in stellen.<\/p>\n<p class=\"Default\">Sollte der Kurs wegen Krankheit der\/des Dozentin\/en oder aus anderen Gr\u00fcnden ausfallen, wird zeitnah ein Ersatztermin gestellt. Ist ein Ersatztermin nicht m\u00f6glich, wird der Kursbeitrag erstattet. Weitere Anspr\u00fcche k\u00f6nnen nicht geltend gemacht werden.<\/p>\n<p class=\"Default\">Die Kursteilnehmer handeln auf eigene Gefahr.<\/p>\n<p class=\"Default\"><strong>Die Teilnahme an den Kursen ersetzt keine medizinische oder therapeutische Behandlung.<\/strong><br \/>\nSchadensersatzanspr\u00fcche, gleich aus welchem Rechtsgrund gegen den\/die Dozenten\/in oder Dritte sind ausgeschlossen.<\/p>\n","protected":false},"excerpt":{"rendered":"<p>Allgemeine Gesch\u00e4ftsbedingungen g\u00fcltig f\u00fcr alle angebotenen Workshops und Seminare der Prana-Heilung nach MCKS. Die Anzahlung in H\u00f6he von 100 \u20ac bei Anmeldung zum Seminar sichert die Kursteilnahme. Die Anmeldung erfolgt <a class=\"more-link\" href=\"https:\/\/pranameditation.de\/?page_id=46\">Continue Reading \u2192<\/a><\/p>\n","protected":false},"author":1,"featured_media":0,"parent":0,"menu_order":0,"comment_status":"closed","ping_status":"closed","template":"","meta":{"footnotes":""},"class_list":["post-46","page","type-page","status-publish","hentry"],"_links":{"self":[{"href":"https:\/\/pranameditation.de\/index.php?rest_route=\/wp\/v2\/pages\/46","targetHints":{"allow":["GET"]}}],"collection":[{"href":"https:\/\/pranameditation.de\/index.php?rest_route=\/wp\/v2\/pages"}],"about":[{"href":"https:\/\/pranameditation.de\/index.php?rest_route=\/wp\/v2\/types\/page"}],"author":[{"embeddable":true,"href":"https:\/\/pranameditation.de\/index.php?rest_route=\/wp\/v2\/users\/1"}],"replies":[{"embeddable":true,"href":"https:\/\/pranameditation.de\/index.php?rest_route=%2Fwp%2Fv2%2Fcomments&post=46"}],"version-history":[{"count":6,"href":"https:\/\/pranameditation.de\/index.php?rest_route=\/wp\/v2\/pages\/46\/revisions"}],"predecessor-version":[{"id":1551,"href":"https:\/\/pranameditation.de\/index.php?rest_route=\/wp\/v2\/pages\/46\/revisions\/1551"}],"wp:attachment":[{"href":"https:\/\/pranameditation.de\/index.php?rest_route=%2Fwp%2Fv2%2Fmedia&parent=46"}],"curies":[{"name":"wp","href":"https:\/\/api.w.org\/{rel}","templated":true}]}}