{"id":45,"date":"2016-12-13T14:16:06","date_gmt":"2016-12-13T13:16:06","guid":{"rendered":"http:\/\/pranameditation.de\/wordpress\/?page_id=45"},"modified":"2018-08-31T02:29:14","modified_gmt":"2018-08-31T00:29:14","slug":"impressum","status":"publish","type":"page","link":"https:\/\/pranameditation.de\/?page_id=45","title":{"rendered":"Impressum\/Datenschutz"},"content":{"rendered":"<p style=\"text-align: left;\"><strong><a href=\"http:\/\/pranameditation.de\/wp-content\/uploads\/2017\/09\/annekatrin.jpg\"><img loading=\"lazy\" decoding=\"async\" class=\"alignleft wp-image-372\" src=\"http:\/\/pranameditation.de\/wp-content\/uploads\/2017\/09\/annekatrin-220x300.jpg\" alt=\"\" width=\"150\" height=\"205\" srcset=\"https:\/\/pranameditation.de\/wp-content\/uploads\/2017\/09\/annekatrin-220x300.jpg 220w, https:\/\/pranameditation.de\/wp-content\/uploads\/2017\/09\/annekatrin.jpg 639w\" sizes=\"auto, (max-width: 150px) 100vw, 150px\" \/><\/a>Inhaltlich verantwortlich:<\/strong><br \/>\nAnnekatrin Brodersen<br \/>\nErikastra\u00dfe 48<br \/>\n20251 Hamburg<br \/>\nTelefon (040) 47 79 20<br \/>\nE-Mail: <a href=\"mailto:brodersen@pranameditation.de\">brodersen@pranameditation.de<br \/>\n<\/a><\/p>\n<p>&nbsp;<\/p>\n<p>&nbsp;<\/p>\n<p class=\"subhead\"><strong>Haftungsausschluss<\/strong><br \/>\nF\u00fcr unvorhersehbare und vertragsuntypische Sch\u00e4den haften wir nicht. Die Nutzung s\u00e4mtlicher Informationen, Daten und sonstiger Dienstleistungen dieses Internetauftritts unterliegt ausschlie\u00dflich deutschem Recht. Links Wir haben den Inhalt von Links zu fremden Internetauftritten sorgf\u00e4ltig gepr\u00fcft. Da diese Internetauftritte au\u00dferhalb unseres Einflussbereichs liegen und sich deren Inhalte jederzeit \u00e4ndern k\u00f6nnen, k\u00f6nnen wir keine Haftung f\u00fcr solche Inhalte \u00fcbernehmen. Die Verlinkung ist auch nicht Ausdruck einer bestimmten Meinung zu diesen Inhalten; insbesondere werden solche Inhalte nicht zu eigen gemacht oder gebilligt. Sollte einer der Links zu rechtswidrigen Inhalten verweisen, so bitten wir um Nachricht, damit wir den Link umgehend l\u00f6schen k\u00f6nnen. Die Nutzung von Links oder anderen technischen Verweisen auf Inhalte au\u00dferhalb des Dienstes erfolgt auf eigene Verantwortung. Diese Erkl\u00e4rung gilt f\u00fcr alle auf diesem Internetportal angebrachten Links und f\u00fcr alle Inhalte der Seiten, zu denen Banner oder andere Werbeformen f\u00fchren.<\/p>\n<p><strong>Haftung f\u00fcr Links<br \/>\n<\/strong>Wir haben den Inhalt von Links zu fremden Internetauftritten sorgf\u00e4ltig gepr\u00fcft. Da diese Internetauftritte au\u00dferhalb unseres Einflussbereichs liegen und sich deren Inhalte jederzeit \u00e4ndern k\u00f6nnen, k\u00f6nnen wir keine Haftung f\u00fcr solche Inhalte \u00fcbernehmen. Die Verlinkung ist auch nicht Ausdruck einer bestimmten Meinung zu diesen Inhalten; insbesondere werden solche Inhalte nicht zu eigen gemacht oder gebilligt. Sollte einer der Links zu rechtswidrigen Inhalten verweisen so bitten wir um Nachricht, damit wir den Link umgehend l\u00f6schen k\u00f6nnen. Die Nutzung von Links oder anderen technischen Verweisen auf Inhalte au\u00dferhalb des Dienstes erfolgt auf eigene Verantwortung. Wir schlie\u00dfen jede Haftung f\u00fcr Sch\u00e4den, die durch die Nutzung dieses Internetauftritts entstehen aus, es sei denn wir oder unsere Erf\u00fcllungsgehilfen h\u00e4tten vors\u00e4tzlich oder grob fahrl\u00e4ssig gehandelt oder eine wesentlichen vertraglichen Hauptleistungspflicht (Kardinalpflicht) verletzt.<\/p>\n<p class=\"subhead\"><strong>Versenden von E-Mails<br \/>\n<\/strong>Soweit wir die M\u00f6glichkeit bieten, Anfragen oder Auftr\u00e4ge per E-Mail zu versenden, erfolgt die \u00dcbermittlung auf eigene Gefahr. Wir k\u00f6nnen die Abh\u00f6rsicherheit und Unverf\u00e4lschtheit der eingegangenen Erkl\u00e4rungen nicht gew\u00e4hrleisten.<\/p>\n<p class=\"subhead\"><strong>Gew\u00e4hrleistung<br \/>\n<\/strong>Das Angebot des Internetauftritts Pranameditation.de steht unter dem Vorbehalt der technischen Verf\u00fcgbarkeit, insbesondere im Hinblick auf erforderliche Wartungsarbeiten und Ausf\u00e4lle durch technische St\u00f6rungen. Bei der F\u00fclle der zu verarbeitenden Informationen sind trotz sorgf\u00e4ltiger Bearbeitung Fehler oder Unvollst\u00e4ndigkeiten nicht zu vermeiden. F\u00fcr die Richtigkeit der im Rahmen des Dienstes abrufbaren Informationen wird deshalb keine Haftung\/Gew\u00e4hrleistung \u00fcbernommen. Eine Haftung f\u00fcr Sch\u00e4den, die sich aus der Verwendung der auf diesem Internetauftritt ver\u00f6ffentlichten Inhalte ergeben, ist ausgeschlossen.<\/p>\n<p><strong>Copyright<br \/>\n<\/strong>Die auf \u00a0Pranameditation.de wiedergegebenen Texte, Bilder und Inhalte des Internetauftritts sind urheberrechtlich gesch\u00fctzt und d\u00fcrfen ohne unsere vorherige Zustimmung nur zu rein privaten Zwecken verwendet werden. Insbesondere ist eine \u00f6ffentliche Darstellung oder Ver\u00e4nderung der Inhalte nicht gestattet. Einzelne Inhalte k\u00f6nnen spezielle Urheberrechtsvermerke enthalten, die zu beachten sind.<\/p>\n<p><strong>GOOGLE ANALYTICS<\/strong><br \/>\nUnsere Internetseite verwendet den Analysedienst Google Analytics. Dieser Webanalysedienst wird von der Google Inc., 1600 Amphitheatre Parkway, Mountain View, CA 94043, USA (im Folgenden kurz: Google) betrieben.<\/p>\n<p>Dieses Analysetool funktioniert auf Grundlage von Cookies. Ein Cookie ist eine Textdatei, die beim Besuch einer Internetseite verschickt und auf der Festplatte des Nutzers der Website zwischengespeichert wird um eine Analyse der Benutzung der Webseite durch Sie zu erm\u00f6glichen. Die durch den Cookie gespeicherten Informationen werden in der Regel an einen Server von Google in den USA \u00fcbertragen und dort dann gespeichert.<\/p>\n<p>Im Rahmen der IP-Anonymisierung wird Ihre IP-Adresse von Google innerhalb eines Mitgliedsstaates der EU oder einem anderen Vertragsstaat des Abkommens \u00fcber den europ\u00e4ischen Wirtschaftsraum zuvor gek\u00fcrzt. \u00a0In unserem Auftrag wird Google die \u00fcbertragenen Informationen nutzen, um einen Report \u00fcber die Nutzung der Webseite zu erstellen. Die im Rahmen von Google Analytics \u00fcbermittelte IP-Adresse wird nicht mit anderen Daten von Google zusammengef\u00fchrt. Wenn Sie die Nutzung von Cookies unterbinden m\u00f6chten, k\u00f6nnen Sie\u00a0 dies durch lokale Vornahme der \u00c4nderungen Ihrer Einstellungen in dem auf Ihrem Computer verwendeten Internetbrowser (z.B. Safari, Internet Explorer, Opera, Firefox etc.), also dem Programm zum \u00d6ffnen und Anzeigen von Internetseiten tun. Ferner k\u00f6nnen Sie die Erfassung und Verarbeitung Ihrer Daten durch den Cookie von Google, verhindern indem Sie ein unter dem folgenden Link von Google angebotenes Browser-Plugin herunterladen und installieren:\u00a0<a href=\"http:\/\/tools.google.com\/dlpage\/gaoptout?hl=de\">http:\/\/tools.google.com\/dlpage\/gaoptout?hl=de<\/a>.<\/p>\n<p><strong>AUSKUNFTSRECHT<\/strong><br \/>\nAuf schriftliche Anfrage informieren wir den Nutzer der Website und\/oder den Kunden \u00fcber die zu seiner Person gespeicherten Daten. Die Anfrage ist an unsere im Impressum der Webseite angegebene Adresse zu richten.<\/p>\n<p class=\"head\"><strong>Datenschutz<\/strong><br \/>\nAuf dieser Website werden keine Daten erhoben, es ist allerdings davon auszugehen, dass Provider im gesetzlichen Rahmen IP-Adressen speichern.<\/p>\n<p id=\"u47027-41\">Wenn Sie uns \u00fcber das Kontaktformular unserer Website eine Nachricht schicken, verwenden wir Ihre Email-Adresse, um Ihnen zu antworten.<\/p>\n<p>\u00a9 2018 Pranameditation.de<\/p>\n<p>Quelle:\u00a0<a href=\"http:\/\/www.itrecht-hannover.de\/\">IT Recht Hannover | Rechtsanwalt E. Strohmeyer<\/a><\/p>\n","protected":false},"excerpt":{"rendered":"<p>Inhaltlich verantwortlich: Annekatrin Brodersen Erikastra\u00dfe 48 20251 Hamburg Telefon (040) 47 79 20 E-Mail: brodersen@pranameditation.de &nbsp; &nbsp; Haftungsausschluss F\u00fcr unvorhersehbare und vertragsuntypische Sch\u00e4den haften wir nicht. Die Nutzung s\u00e4mtlicher Informationen, <a class=\"more-link\" href=\"https:\/\/pranameditation.de\/?page_id=45\">Continue Reading \u2192<\/a><\/p>\n","protected":false},"author":1,"featured_media":0,"parent":0,"menu_order":0,"comment_status":"closed","ping_status":"closed","template":"","meta":{"footnotes":""},"class_list":["post-45","page","type-page","status-publish","hentry"],"_links":{"self":[{"href":"https:\/\/pranameditation.de\/index.php?rest_route=\/wp\/v2\/pages\/45","targetHints":{"allow":["GET"]}}],"collection":[{"href":"https:\/\/pranameditation.de\/index.php?rest_route=\/wp\/v2\/pages"}],"about":[{"href":"https:\/\/pranameditation.de\/index.php?rest_route=\/wp\/v2\/types\/page"}],"author":[{"embeddable":true,"href":"https:\/\/pranameditation.de\/index.php?rest_route=\/wp\/v2\/users\/1"}],"replies":[{"embeddable":true,"href":"https:\/\/pranameditation.de\/index.php?rest_route=%2Fwp%2Fv2%2Fcomments&post=45"}],"version-history":[{"count":20,"href":"https:\/\/pranameditation.de\/index.php?rest_route=\/wp\/v2\/pages\/45\/revisions"}],"predecessor-version":[{"id":788,"href":"https:\/\/pranameditation.de\/index.php?rest_route=\/wp\/v2\/pages\/45\/revisions\/788"}],"wp:attachment":[{"href":"https:\/\/pranameditation.de\/index.php?rest_route=%2Fwp%2Fv2%2Fmedia&parent=45"}],"curies":[{"name":"wp","href":"https:\/\/api.w.org\/{rel}","templated":true}]}}