{"id":434,"date":"2017-09-06T16:10:18","date_gmt":"2017-09-06T14:10:18","guid":{"rendered":"http:\/\/pranameditation.de\/?page_id=434"},"modified":"2021-10-14T20:27:33","modified_gmt":"2021-10-14T18:27:33","slug":"erfahrungsberichte","status":"publish","type":"page","link":"https:\/\/pranameditation.de\/?page_id=434","title":{"rendered":"Erfahrungsberichte"},"content":{"rendered":"<h3>Diagnose: COVID-19 Delta-Variante<\/h3>\n<p>ANWENDUNG:\u00a0 Prana-Anwendung nach MCKS durch eine Zertifizierte Prana-Anwenderin<\/p>\n<p><em>Von K. M. (54 Jahre) aus Schleswig Holstein<\/em><\/p>\n<p>Am Montag, den 02.08.2021 steckte ich mich im Dienst bei einem geimpften Kollegen mit der Delta Variante von Covid 19 an.\u00a0\u00a0<a href=\"http:\/\/pranameditation.de\/?attachment_id=1232\" target=\"_blank\" rel=\"noopener\"><em>&#8230;mehr im Bericht<\/em><\/a><\/p>\n<h3>Diagnose: COVID-19 positiv getestet<\/h3>\n<p>ANWENDUNG:\u00a0 Prana-Anwendung nach MCKS durch eine Zertifizierte Prana-Anwenderin<\/p>\n<p><em>Von M. D. (31 Jahre) aus Schleswig Holstein<\/em><\/p>\n<p>Ich f\u00fchlte mich trotz des langen Schlafes weder erholt noch ausgeruht \u2013 ich versp\u00fcrte anhaltende Kopfschmerzen und zus\u00e4tzliches Kratzen im Hals <a href=\"http:\/\/pranameditation.de\/?attachment_id=1148\" target=\"_blank\" rel=\"noopener\"><em>&#8230;mehr im Bericht<\/em><\/a><\/p>\n<h3>Diagnose: Chronisch insulinpflichtiger Diabetes und Metastasen in der Bauchspeicheldr\u00fcse<\/h3>\n<p>BEHANDLUNG:\u00a0 Prana-Heilung nach MCKS durch eine Zertifizierte Prana-Anwenderin<\/p>\n<p><em>\u00bb Die seelischen Themen und Blockaden der Kindheit wurden transformiert<br \/>\n\u2026 Selbstliebe und Achtung kehrten zur\u00fcck \u00ab<\/em><\/p>\n<p><em>Von Renate M. (74 Jahre) aus Norddeutschland<\/em><\/p>\n<p>Im April 2014 nahm ich auf Anraten meines Sohnes Kontakt zu einer Prana-Lehrerin und -Anwenderin in Eckernf\u00f6rde auf. Ich sollte wegen einer zweiten Pankreasmetastase erneut operiert werden. 2008 war bereits eine Metastasen- Op mit der Entfernung des Pankreasschwanzes erfolgt. Nun bestand die Gefahr, die gesamte Bauchspeicheldr\u00fcse zu verlieren. Zus\u00e4tzlich hatte man in der rechten Lunge eine unsichere Zellstruktur entdeckt. Es stand aber keine Chemo f\u00fcr mich zur Debatte. Ich suchte nach einer anderen L\u00f6sung.<\/p>\n<p>Der Hintergrund: Ich hatte einen Nierentumor rechts, der mit Op und Entfernung der rechten Niere 1991 endete, ein Rezidiv am Pankreasschwanz 2008, und 2014 erneute Metastasierung am Pankreaskopf. Weitere Symptome: Herzrhythmusst\u00f6rungen, Blutdruckschwankungen, extremes Schw\u00e4chegef\u00fchl, Anspannung und depressive Verstimmungen, \u00c4ngste, Druck auf Brust und Ohren. Die depressive Stimmungslage war wie im Hamsterrad wiederkehrend \u2013 \u00dcberforderung.<\/p>\n<p>Nach reiflicher \u00dcberlegung sp\u00fcrte ich, dass der Weg mit der Prana- Heilung eine positive und gro\u00dfe Chance bergen w\u00fcrde. Ich nahm Kontakt auf. Der erste Termin war sehr anstrengend, doch brachte er mir Klarheit, mich f\u00fcr den richtigen Weg ohne Op entschieden zu haben. Es folgten w\u00f6chentliche Prana- Sitzungen. Ich lie\u00df mich ein.<\/p>\n<p>Ich lernte zu sp\u00fcren, zu verstehen, und die Verantwortung f\u00fcr meine Themen anzunehmen. Au\u00dferdem absolvierte ich Prana 1, Prana 2 und 2015 Prana 3, damit ich zu den w\u00f6chentlichen Sitzungen meinen Beitrag zur Selbstheilung liefern konnte.<\/p>\n<p>Die gr\u00f6\u00dften Blockaden waren auf der seelischen und psychischen Ebene, so wurden viele Psycho- Prana Anwendungen durchgef\u00fchrt, und St\u00fcck f\u00fcr St\u00fcck wurde ich gel\u00f6ster und entspannter. Die seelischen Themen und Blockaden der Kindheit wurden transformiert, sowie die \u00c4ngste und Sorgen \u201cetwa nicht gut genug zu sein\u201c.<\/p>\n<p>Selbstliebe und Achtung kehrten zur\u00fcck, ich machte viel Vergebungsarbeit, und die Beschwerden l\u00f6sten sich auf. Bei der letzten gro\u00dfen Routineuntersuchung wurde kein Tumor mehr nachgewiesen, auch meine verkleinerte Bauchspeicheldr\u00fcse arbeitet wieder, und laut meiner Haus\u00e4rztin ben\u00f6tige ich seit 2 Monaten kein Insulin mehr. Ich habe die Spritzen abgesetzt und reinige weiterhin t\u00e4glich meine Bauchspeicheldr\u00fcse mit Prana.<\/p>\n<p>Die Herzrhythmusst\u00f6rungen sind weitestgehend behoben. Ich meditiere, wenn ich mich gut f\u00fchle. Die Selbstliebe kann einziehen, so ist kein Platz f\u00fcr Tumore oder Metastasen. Ich komme zur Ruhe, auch zu der Inneren, lasse sie zu und genie\u00dfe sie.<\/p>\n<p>Ich achte auf meine Ern\u00e4hrung, und hatte trotz kleiner Osters\u00fcnden optimale Zuckerwerte. Meine Psyche ist gefestigt, und bin gl\u00fccklich und dankbar der Prana- Heilung und meiner Anwenderin begegnet zu sein.<\/p>\n<p>Ich werde weiterhin intensiv Prana-Heilung zur Selbstheilung anwenden. Danke an GMCKS f\u00fcr diese effektive Heilmethode.<\/p>\n<p>Mein Wunsch ist, dass sich viel mehr Menschen auf diese nat\u00fcrliche Selbstheilungsmethode einlassen. Danke.<\/p>\n<p><em>Schulmedizinisch Regeneration und Heilung best\u00e4tigt 10\/2016<\/em><\/p>\n<hr \/>\n<p>O.A., Lehrer, Rendsburg, 54 Jahre<\/p>\n<p>Ich hatte seit meiner Geburt Neurodermitis und seit dem 8. Lebensjahr Asthma. Zus\u00e4tzlich waren beide Lungenfl\u00fcgel durch Lungenoperationen, die nach Auftreten eines Spontan-Pneumothorax, den ich als junger Erwachsener hatte, belastet. Das Asthma war in den letzten Jahren so schlimm, dass t\u00e4glich Cortisoninhalationen in H\u00f6chstdosis genommen werden mussten. Bei jedem Infekt wurde das Asthma so stark, dass zus\u00e4tzlich Cortisontabletten verordnet wurden. Selbst die hochdosierten Cortisongaben haben das Asthma nicht immer vollst\u00e4ndig unterdr\u00fccken k\u00f6nnen.<\/p>\n<p>Im Fr\u00fchjahr 2017 bekam ich Kontakt zur Pranaheilung und habe bei Annekatrin Brodersen im Pranazentrum Eckernf\u00f6rde insgesamt 5 Anwendungen erhalten. Zus\u00e4tzlich habe ich an den von ihr dort als Pranalehrerin angebotenen Pranakursen teilgenommen, um die Heilsitzungen durch eigenst\u00e4ndiges Anwenden der Heilmethode zu unterst\u00fctzen.<\/p>\n<p>Die Wirkung war verbl\u00fcffend: Zun\u00e4chst stellte sich ein seelisch sehr befreiendes Gef\u00fchl ein, ich f\u00fchlte mich deutlich wohler, auch auf der k\u00f6rperlichen Ebene. Mein Cortisonspray nahm ich zun\u00e4chst aus Gewohnheit und Angst vor negativen Folgen regelm\u00e4\u00dfig weiter. Im Fr\u00fchsommer stellt ich allerdings eines Tages fest, dass ich seit 2 Tagen vergessen hatte mein Cortisonspray zu nehmen, denn ich hatte keinerlei asthmatische Symptome!\u00a0 Das machte mich dann mutig und ich habe es weiterhin einfach weggelassen.<\/p>\n<p>Nun habe ich seit bereits 4 Monaten keinerlei asthmatische Beschwerden mehr. Auch die Neurodermitis ist fast vollst\u00e4ndig verschwunden. Dazu kommt ein deutlich besseres k\u00f6rperliches und seelisches Wohlbefinden. Ich freue mich jeden Tag aufs Neue dar\u00fcber und bin meiner Pranalehrerin und Anwenderin Frau Brodersen und Master Choa Kok Sui, der dieses System entwickelt hat, unendlich dankbar.<\/p>\n<p>Ich bin gerne bereit meine Erfahrungen auch telefonisch oder pers\u00f6nlich ausf\u00fchrlicher zu teilen, damit auch Andere von den tollen Wirkungen der Pranaanwendung profitieren k\u00f6nnen.<\/p>\n<p>Rendsburg im Oktober 2017<br \/>\nO.A.<\/p>\n","protected":false},"excerpt":{"rendered":"<p>Diagnose: COVID-19 Delta-Variante ANWENDUNG:\u00a0 Prana-Anwendung nach MCKS durch eine Zertifizierte Prana-Anwenderin Von K. M. (54 Jahre) aus Schleswig Holstein Am Montag, den 02.08.2021 steckte ich mich im Dienst bei einem <a class=\"more-link\" href=\"https:\/\/pranameditation.de\/?page_id=434\">Continue Reading \u2192<\/a><\/p>\n","protected":false},"author":1,"featured_media":0,"parent":34,"menu_order":0,"comment_status":"closed","ping_status":"closed","template":"","meta":{"footnotes":""},"class_list":["post-434","page","type-page","status-publish","hentry"],"_links":{"self":[{"href":"https:\/\/pranameditation.de\/index.php?rest_route=\/wp\/v2\/pages\/434","targetHints":{"allow":["GET"]}}],"collection":[{"href":"https:\/\/pranameditation.de\/index.php?rest_route=\/wp\/v2\/pages"}],"about":[{"href":"https:\/\/pranameditation.de\/index.php?rest_route=\/wp\/v2\/types\/page"}],"author":[{"embeddable":true,"href":"https:\/\/pranameditation.de\/index.php?rest_route=\/wp\/v2\/users\/1"}],"replies":[{"embeddable":true,"href":"https:\/\/pranameditation.de\/index.php?rest_route=%2Fwp%2Fv2%2Fcomments&post=434"}],"version-history":[{"count":9,"href":"https:\/\/pranameditation.de\/index.php?rest_route=\/wp\/v2\/pages\/434\/revisions"}],"predecessor-version":[{"id":1233,"href":"https:\/\/pranameditation.de\/index.php?rest_route=\/wp\/v2\/pages\/434\/revisions\/1233"}],"up":[{"embeddable":true,"href":"https:\/\/pranameditation.de\/index.php?rest_route=\/wp\/v2\/pages\/34"}],"wp:attachment":[{"href":"https:\/\/pranameditation.de\/index.php?rest_route=%2Fwp%2Fv2%2Fmedia&parent=434"}],"curies":[{"name":"wp","href":"https:\/\/api.w.org\/{rel}","templated":true}]}}