{"id":430,"date":"2017-09-06T16:06:51","date_gmt":"2017-09-06T14:06:51","guid":{"rendered":"http:\/\/pranameditation.de\/?page_id=430"},"modified":"2017-09-19T19:58:29","modified_gmt":"2017-09-19T17:58:29","slug":"erfahrung","status":"publish","type":"page","link":"https:\/\/pranameditation.de\/?page_id=430","title":{"rendered":"Erfahrung"},"content":{"rendered":"<p style=\"text-align: center;\"><span style=\"font-size: 24px;\">Erfahrungsberichte der Meditierenden<\/span><\/p>\n<p>\u201eDurch die Meditation bin ich so dankbar geworden, dass ich einfach lebe, nicht frieren und hungern muss und Krankheiten wie neulich eine Bronchitis sind nicht so stark und heilen schneller. \u00dcber Kleinigkeiten, kleine \u00c4rgernisse, rege ich mich gar nicht mehr auf und sehe einfach dar\u00fcber hinweg. Ich bin mit meinen Mitmenschen gn\u00e4diger. Das innere und \u00e4ussere L\u00e4cheln.\u201c <span style=\"font-size: 8px;\">Kristina<\/span><\/p>\n<p>\u201eIch habe die Liebe und das Licht der Erde gesehen und gesp\u00fcrt.\u201c Petra<\/p>\n<p>\u201eLa\u00dft uns Frieden in uns finden, er ist dort von Anbeginn, nur haben wir ihn versch\u00fcttet.\u201c Christine<\/p>\n<p>\u201eZur Selbstheilung: Meine Kurzsichtigkeit hat sich so deutlich gebessert, dass ich seit Kurzem schw\u00e4chere Brillengl\u00e4ser habe.\u201c <span style=\"font-size: 8px;\">Kristina\u00a0<\/span><\/p>\n<p>\u201eVor der Meditation war meine Lippe eingerissen, danach war es geheilt.\u201c<span style=\"font-size: 8px;\"> Annika\u00a0<\/span><\/p>\n<p>\u201eIch kam mit einem starken Schmerz im Oberschenkel und dem Gef\u00fchl, einen gro\u00dfen blauen Fleck zu bekommen. Nach der Meditation ist der Schmerz fast aufgel\u00f6st und der vermeintliche Fleck ist ganz klein (fingernagelgro\u00df). Wunderbar!\u201c <span style=\"font-size: 8px;\">Gerda-Helga\u00a0<\/span><\/p>\n<p>\u201eDurch den Verlust meines geliebten Sohnes nach vierj\u00e4hriger schwerer Krankheit kam es bei mir immer wieder zu starken Schmerzen in der Wirbels\u00e4ule (Ischias). Mein Arzt behandelte mich mit Injektionen, eine Operation wurde nicht ausgeschlossen. Ich f\u00fchlte mich in all den Jahren physisch und psychisch sehr angeschlagen. Im M\u00e4rz 2001 ver\u00e4nderte sich mein Leben, ich lernte die Meditation \u00fcber Zwei Herzen kennen. Mit unertr\u00e4glichen Schmerzen im R\u00fccken ging ich zum ersten Meditationsabend, ich machte eine wunderbare Erfahrung bei der Selbstheilungsmediation: Helles Licht durchflutete meinen K\u00f6rper, ich f\u00fchlte eine innere Ruhe, W\u00e4rme und Gelassenheit. Das kraftvolle Leuchten brachte mir die Heilung von meinen starken Schmerzen. Seit einem Jahr gehe ich w\u00f6chentlich zur Meditation, seitdem f\u00fchle ich mich emotional sehr wohl. Ich sp\u00fcre mein inneres Wachstum, Liebe zu mir selbst und habe gelernt, kranke Energien loszulassen. Viel mehr Menschen sollten die wunderbaren Techniken der Pranaheilung und die Meditation \u00fcber Zwei Herzen zur Hilfe und Selbsthilfe kennen lernen.\u201c <span style=\"font-size: 8px;\">Marlies\u00a0<\/span><\/p>\n<p>\u201eIch gehe meine n\u00e4chsten Schritte und lasse Altes los.\u201c <span style=\"font-size: 8px;\">Simone<\/span><\/p>\n<p>\u201eIch bin nach l\u00e4ngerer Zeit wieder da. Ich m\u00f6chte mich herzlich bei der Gruppe bedanken. Dadurch, dass die Leute bei der Geburt f\u00fcr meine kleine Tochter gebetet haben. Meine Tochter kam zehn Wochen zu fr\u00fch zur Welt, aber sie ist perlgesund! Danke.\u201c\u00a0 <span style=\"font-size: 8px;\">Xavier\u00a0<\/span><\/p>\n<p>\u201eNach einem halben Jahr heilte mein eingewachsenes Gerstenkorn meines linken Augenlides erst jetzt ab, und das nach zwei Meditationen und etwas Prana, danke!\u201c <span style=\"font-size: 8px;\">Frank<\/span><\/p>\n<p>\u201eMein Leben hat sich sehr zum Gutem gewandelt. Ich habe liebe Freunde gewonnen, und auch meinen inneren Frieden wiedergefunden. Ich bin somit sehr gl\u00fccklich geworden und kann wieder genie\u00dfen. Mein selbstbestimmtes Leben, wie ich es mir w\u00fcnschte. Ich werde frei.\u201c <span style=\"font-size: 8px;\">Frank\u00a0<\/span><\/p>\n<p>\u201eBei der heutigen Meditation hatte ich eine wunderbare Erfahrung. Mein Scheitelchakra f\u00fchlte sich an wie ein drehendes Licht (links). Es drehte sich wie ein Trichter nach unten in meinen K\u00f6rper hinein. Es f\u00fchlte sich herrlich angenehm an. Danke.\u201c <span style=\"font-size: 8px;\">Belinda<\/span><\/p>\n","protected":false},"excerpt":{"rendered":"<p>Erfahrungsberichte der Meditierenden \u201eDurch die Meditation bin ich so dankbar geworden, dass ich einfach lebe, nicht frieren und hungern muss und Krankheiten wie neulich eine Bronchitis sind nicht so stark <a class=\"more-link\" href=\"https:\/\/pranameditation.de\/?page_id=430\">Continue Reading \u2192<\/a><\/p>\n","protected":false},"author":1,"featured_media":0,"parent":22,"menu_order":0,"comment_status":"closed","ping_status":"closed","template":"","meta":{"footnotes":""},"class_list":["post-430","page","type-page","status-publish","hentry"],"_links":{"self":[{"href":"https:\/\/pranameditation.de\/index.php?rest_route=\/wp\/v2\/pages\/430","targetHints":{"allow":["GET"]}}],"collection":[{"href":"https:\/\/pranameditation.de\/index.php?rest_route=\/wp\/v2\/pages"}],"about":[{"href":"https:\/\/pranameditation.de\/index.php?rest_route=\/wp\/v2\/types\/page"}],"author":[{"embeddable":true,"href":"https:\/\/pranameditation.de\/index.php?rest_route=\/wp\/v2\/users\/1"}],"replies":[{"embeddable":true,"href":"https:\/\/pranameditation.de\/index.php?rest_route=%2Fwp%2Fv2%2Fcomments&post=430"}],"version-history":[{"count":5,"href":"https:\/\/pranameditation.de\/index.php?rest_route=\/wp\/v2\/pages\/430\/revisions"}],"predecessor-version":[{"id":493,"href":"https:\/\/pranameditation.de\/index.php?rest_route=\/wp\/v2\/pages\/430\/revisions\/493"}],"up":[{"embeddable":true,"href":"https:\/\/pranameditation.de\/index.php?rest_route=\/wp\/v2\/pages\/22"}],"wp:attachment":[{"href":"https:\/\/pranameditation.de\/index.php?rest_route=%2Fwp%2Fv2%2Fmedia&parent=430"}],"curies":[{"name":"wp","href":"https:\/\/api.w.org\/{rel}","templated":true}]}}