{"id":428,"date":"2017-09-06T16:05:11","date_gmt":"2017-09-06T14:05:11","guid":{"rendered":"http:\/\/pranameditation.de\/?page_id=428"},"modified":"2017-09-06T16:05:50","modified_gmt":"2017-09-06T14:05:50","slug":"frieden","status":"publish","type":"page","link":"https:\/\/pranameditation.de\/?page_id=428","title":{"rendered":"Frieden"},"content":{"rendered":"<h1 align=\"center\"><a href=\"http:\/\/pranameditation.de\/wp-content\/uploads\/2017\/08\/Lotus-in-blau.jpg\"><img loading=\"lazy\" decoding=\"async\" class=\"aligncenter size-medium wp-image-358\" src=\"http:\/\/pranameditation.de\/wp-content\/uploads\/2017\/08\/Lotus-in-blau-300x230.jpg\" sizes=\"auto, (max-width: 300px) 100vw, 300px\" srcset=\"http:\/\/pranameditation.de\/wp-content\/uploads\/2017\/08\/Lotus-in-blau-300x230.jpg 300w, http:\/\/pranameditation.de\/wp-content\/uploads\/2017\/08\/Lotus-in-blau-768x588.jpg 768w, http:\/\/pranameditation.de\/wp-content\/uploads\/2017\/08\/Lotus-in-blau-1024x784.jpg 1024w\" alt=\"\" width=\"300\" height=\"230\" \/><\/a><\/h1>\n<p align=\"center\"><strong>Entz\u00fcndet in diesem Dunkel ein Licht,<\/strong><br \/>\n<strong> zu leuchten dem Glauben, der Zuversicht.<\/strong><br \/>\n<strong> Im hellen Schein k\u00f6nnen wir uns sehen,<\/strong><br \/>\n<strong> im hellen Schein erst k\u00f6nnen wir verstehen.<\/strong><\/p>\n<p align=\"center\"><strong>F\u00fcrchtet das Gesehene nicht,<\/strong><br \/>\n<strong> ein jeder einen Segen sich spricht:<\/strong><br \/>\n<strong> Ich m\u00f6chte dem Leben mit Liebe begegnen,<\/strong><br \/>\n<strong> dass sich dem Frieden alle Wege ebnen.<\/strong><\/p>\n<p align=\"center\"><strong>Im Innen und Au\u00dfen, danke, so sei es.<\/strong><\/p>\n<p align=\"center\"><strong>Simone Kr\u00fcger<\/strong><\/p>\n","protected":false},"excerpt":{"rendered":"<p>Entz\u00fcndet in diesem Dunkel ein Licht, zu leuchten dem Glauben, der Zuversicht. Im hellen Schein k\u00f6nnen wir uns sehen, im hellen Schein erst k\u00f6nnen wir verstehen. F\u00fcrchtet das Gesehene nicht, <a class=\"more-link\" href=\"https:\/\/pranameditation.de\/?page_id=428\">Continue Reading \u2192<\/a><\/p>\n","protected":false},"author":1,"featured_media":0,"parent":22,"menu_order":0,"comment_status":"closed","ping_status":"closed","template":"","meta":{"footnotes":""},"class_list":["post-428","page","type-page","status-publish","hentry"],"_links":{"self":[{"href":"https:\/\/pranameditation.de\/index.php?rest_route=\/wp\/v2\/pages\/428","targetHints":{"allow":["GET"]}}],"collection":[{"href":"https:\/\/pranameditation.de\/index.php?rest_route=\/wp\/v2\/pages"}],"about":[{"href":"https:\/\/pranameditation.de\/index.php?rest_route=\/wp\/v2\/types\/page"}],"author":[{"embeddable":true,"href":"https:\/\/pranameditation.de\/index.php?rest_route=\/wp\/v2\/users\/1"}],"replies":[{"embeddable":true,"href":"https:\/\/pranameditation.de\/index.php?rest_route=%2Fwp%2Fv2%2Fcomments&post=428"}],"version-history":[{"count":1,"href":"https:\/\/pranameditation.de\/index.php?rest_route=\/wp\/v2\/pages\/428\/revisions"}],"predecessor-version":[{"id":429,"href":"https:\/\/pranameditation.de\/index.php?rest_route=\/wp\/v2\/pages\/428\/revisions\/429"}],"up":[{"embeddable":true,"href":"https:\/\/pranameditation.de\/index.php?rest_route=\/wp\/v2\/pages\/22"}],"wp:attachment":[{"href":"https:\/\/pranameditation.de\/index.php?rest_route=%2Fwp%2Fv2%2Fmedia&parent=428"}],"curies":[{"name":"wp","href":"https:\/\/api.w.org\/{rel}","templated":true}]}}