{"id":423,"date":"2017-09-06T15:58:13","date_gmt":"2017-09-06T13:58:13","guid":{"rendered":"http:\/\/pranameditation.de\/?page_id=423"},"modified":"2017-09-06T15:59:56","modified_gmt":"2017-09-06T13:59:56","slug":"eigenverantwortung","status":"publish","type":"page","link":"https:\/\/pranameditation.de\/?page_id=423","title":{"rendered":"Eigenverantwortung"},"content":{"rendered":"<p><strong>Gedanken zu unserer Eigenverantwortung<\/strong> als menschliches geistiges Wesen f\u00fcr uns und unseren Planeten Erde:<\/p>\n<p>Die Menschheit hat sehr lange Zeit ben\u00f6tigt, um glauben und verstehen zu k\u00f6nnen, dass die Erde ein lebendiges Wesen ist und aus einer eigenen Seele besteht. Kulturen aus alten Zeiten haben diese Wahrheit gelebt und gekannt.<\/p>\n<p>Doch in der Entwicklung des neueren Zeitalters ist dies f\u00fcr lange Zeit vergessen. Wir sind erst jetzt im Begriff, die Erde und die Verbindung zu ihr zu verstehen und zu heilen. Unsere Erde ist die Mutter, die uns Menschen n\u00e4hrt und unser Wachstum erm\u00f6glicht, indem sie uns alles Erforderliche zum Leben gibt.<\/p>\n<p>Unsere Luft zum Atmen, Wasser zum Trinken, Nahrung zum Essen und die Erde, das Land, auf dem wir leben. Sie hat damit alle Eigenschaften, die eine Mutter hat: Liebe, F\u00fcrsorge, Heilung, Kraft und Belehrung. Sie gibt uns Materialien, die uns vor den Naturelementen sch\u00fctzen. In der langen Zeit des Vergessens wurde damit begonnen, die Erde auszubeuten, sie zu zerst\u00f6ren. Indem ihr Rohstoffe \u00fcber die Ma\u00dfen entnommen wurden. Unsere Atmosph\u00e4re, die sch\u00fctzende Haut der Erde ist l\u00e4diert, die Verschmutzung der Umwelt nimmt dramatisch zu.<br \/>\nSo begann die Menschheit die Erde zu ruinieren und bringt sich selbst auch an den Rand dieses Abgrunds. Wie viele Pflanzen und Tiere sind bereits ausgestorben?<\/p>\n<p>Liegt es nicht in unserer Hand mit zu entscheiden und zu planen, was mit ihr und damit auch mit uns geschieht?<\/p>\n<p>Die Erde ist ein lebendiges Wesen, und spiegelt uns Menschen in unserer eigenen Form und Kraft:<\/p>\n<p><strong><em>\u00a0\u00a0\u00a0\u00a0\u00a0\u00a0\u00a0\u00a0\u00a0\u00a0\u00a0 Die Erde ist Energie.<\/em><\/strong><\/p>\n<table width=\"0\">\n<tbody>\n<tr>\n<td><strong><em>Wir k\u00f6nnen uns mit dieser Energie verbinden, um dieses Bewusstsein zu manifestieren und wieder in <\/em><\/strong><\/p>\n<p><strong><em>Harmonie mit ihr und allen Bereichen der Sch\u00f6pfung zu leben und um die selbst-erschaffenen Bitterkeiten des <\/em><\/strong><\/p>\n<p><strong><em>Lebens in Frieden, Liebe, Sch\u00f6nheit und Gesundheit auszugleichen. Dazu ist die Meditation \u00fcber zwei Herzen <\/em><\/strong><\/p>\n<p><strong><em>wie geschaffen, f\u00fcr den Frieden dieser Welt und die Heilung unserer Erde und uns selbst.<\/em><\/strong><\/p>\n<p><strong><em>Es gibt nichts Gutes au\u00dfer man tut es!\u00a0\u00a0\u00a0\u00a0\u00a0\u00a0\u00a0\u00a0 -&gt;\u00a0 <\/em><\/strong><a href=\"http:\/\/pranameditation.de\/?page_id=37\">[Kommen Sie zur Meditation]<\/a><\/td>\n<\/tr>\n<\/tbody>\n<\/table>\n<p>&nbsp;<\/p>\n<p>&nbsp;<\/p>\n","protected":false},"excerpt":{"rendered":"<p>Gedanken zu unserer Eigenverantwortung als menschliches geistiges Wesen f\u00fcr uns und unseren Planeten Erde: Die Menschheit hat sehr lange Zeit ben\u00f6tigt, um glauben und verstehen zu k\u00f6nnen, dass die Erde <a class=\"more-link\" href=\"https:\/\/pranameditation.de\/?page_id=423\">Continue Reading \u2192<\/a><\/p>\n","protected":false},"author":1,"featured_media":0,"parent":22,"menu_order":0,"comment_status":"closed","ping_status":"closed","template":"","meta":{"footnotes":""},"class_list":["post-423","page","type-page","status-publish","hentry"],"_links":{"self":[{"href":"https:\/\/pranameditation.de\/index.php?rest_route=\/wp\/v2\/pages\/423","targetHints":{"allow":["GET"]}}],"collection":[{"href":"https:\/\/pranameditation.de\/index.php?rest_route=\/wp\/v2\/pages"}],"about":[{"href":"https:\/\/pranameditation.de\/index.php?rest_route=\/wp\/v2\/types\/page"}],"author":[{"embeddable":true,"href":"https:\/\/pranameditation.de\/index.php?rest_route=\/wp\/v2\/users\/1"}],"replies":[{"embeddable":true,"href":"https:\/\/pranameditation.de\/index.php?rest_route=%2Fwp%2Fv2%2Fcomments&post=423"}],"version-history":[{"count":3,"href":"https:\/\/pranameditation.de\/index.php?rest_route=\/wp\/v2\/pages\/423\/revisions"}],"predecessor-version":[{"id":426,"href":"https:\/\/pranameditation.de\/index.php?rest_route=\/wp\/v2\/pages\/423\/revisions\/426"}],"up":[{"embeddable":true,"href":"https:\/\/pranameditation.de\/index.php?rest_route=\/wp\/v2\/pages\/22"}],"wp:attachment":[{"href":"https:\/\/pranameditation.de\/index.php?rest_route=%2Fwp%2Fv2%2Fmedia&parent=423"}],"curies":[{"name":"wp","href":"https:\/\/api.w.org\/{rel}","templated":true}]}}