{"id":41,"date":"2016-12-13T14:16:06","date_gmt":"2016-12-13T13:16:06","guid":{"rendered":"http:\/\/pranameditation.de\/wordpress\/?page_id=41"},"modified":"2017-12-20T13:17:44","modified_gmt":"2017-12-20T12:17:44","slug":"segnungen","status":"publish","type":"page","link":"https:\/\/pranameditation.de\/?page_id=41","title":{"rendered":"Segnungen"},"content":{"rendered":"<h1 style=\"text-align: center;\"><span style=\"color: #993300;\"><em><strong>Die Grosse Invokation<\/strong><\/em>\u00a0 (als <a href=\"http:\/\/www.pranameditation.de\/wp-content\/uploads\/2017\/07\/die_grosse_invokation.pdf\" target=\"_blank\" rel=\"noopener\">PDF<\/a>)<\/span><\/h1>\n<hr \/>\n<p align=\"center\">Aus dem Quell des Lichts im Denken Gottes<br \/>\nstr\u00f6me Licht herab ins Menschendenken.<br \/>\nEs werde Licht auf Erden.<\/p>\n<p align=\"center\">Aus dem Quell der Liebe im Herzen Gottes<br \/>\nstr\u00f6me Liebe aus in alle Menschenherzen<br \/>\nM\u00f6ge Christus wiederkommen auf Erden.<\/p>\n<p align=\"center\">Aus dem Zentrum das den Willen Gottes kennt,<br \/>\nlenke planbeseelte Kraft die kleinen Menschenwillen<br \/>\nzu dem Endziel, dem die Meister wissend dienen.<\/p>\n<p align=\"center\">Durch das Zentrum, das wir Menschheit nennen,<br \/>\nentfalte sich der Plan der Liebe und des Lichts<br \/>\nund siegle zu die T\u00fcr zum \u00dcbel.<\/p>\n<p align=\"center\">M\u00f6gen Licht und Liebe und Kraft<br \/>\nden Plan auf Erden wiederherstellen.<\/p>\n<p align=\"center\"><span style=\"font-size: xx-small;\">Empfangen durch Alice Bailey<\/span><\/p>\n<p>Mit liebevoller Gedankenkraft machen diese Meditation bereits viele Menschen Freitags von 7-9 Uhr auf der ganzen Welt. Bitte geben Sie sie an Freunde und Bekannte weiter.<\/p>\n<hr \/>\n<p><strong><span style=\"font-family: arial, helvetica, sans-serif; font-size: 32px;\"><em>Meditation on Twin Hearts<\/em><\/span><br \/>\n<\/strong><\/p>\n<p><strong>&#8222;Meditation on Twin Hearts is one of the most powerful meditation tools for spiritual development. It is a true gift from the Great Ones.&#8220;<\/strong><\/p>\n<p><span style=\"font-size: xx-small;\">Grand Master Choa Kok Sui<br \/>\n<\/span><\/p>\n<hr \/>\n<p><span style=\"font-family: arial, helvetica, sans-serif; font-size: 24px;\"><em><strong>Gedanken zu unserer Eigenverantwortung<\/strong><\/em><\/span><\/p>\n<p><span style=\"font-size: 24px;\"><em><strong>als menschliches Wesen f\u00fcr uns und unseren Planeten Erde:<\/strong><\/em><\/span><\/p>\n<p>Die Menschheit hat sehr lange Zeit ben\u00f6tigt, um glauben und verstehen zu k\u00f6nnen, dass die Erde ein lebendiges Wesen ist und aus einer eigenen Seele besteht. Kulturen aus alten Zeiten haben diese Wahrheit gelebt und gekannt.<\/p>\n<p>Doch in der Entwicklung des neueren Zeitalters ist dies f\u00fcr lange Zeit vergessen. Wir sind erst jetzt im Begriff, die Erde und die Verbindung zu ihr zu verstehen und zu heilen. Unsere Erde ist die Mutter, die uns Menschen n\u00e4hrt und unser Wachstum erm\u00f6glicht, indem sie uns alles Erforderliche zum Leben gibt.<\/p>\n<p>Unsere Luft zum Atmen, Wasser zum Trinken, Nahrung zum Essen und die Erde, das Land, auf dem wir leben. Sie hat damit alle Eigenschaften, die eine Mutter hat: Liebe, F\u00fcrsorge, Heilung, Kraft und Belehrung.<\/p>\n<p>Sie gibt uns Materialien, die uns vor den Naturelementen sch\u00fctzen.<\/p>\n<p>In der langen Zeit des Vergessens wurde damit begonnen, die Erde auszubeuten, sie zu zerst\u00f6ren. Indem ihr Rohstoffe \u00fcber die Ma\u00dfen entnommen wurden. Unsere Atmosph\u00e4re, die sch\u00fctzende Haut der Erde ist l\u00e4diert, die Verschmutzung der Umwelt nimmt dramatisch zu.<br \/>\nSo begann die Menschheit die Erde zu ruinieren und bringt sich selbst auch an den Rand dieses Abgrunds. Wie viele Pflanzen und Tiere sind bereits ausgestorben?<\/p>\n<p>Liegt es nicht in unserer Hand mitzuentscheiden und zu planen, was mit ihr und damit auch mit uns geschieht?<\/p>\n<p>Die Erde ist ein lebendiges Wesen, und spiegelt uns Menschen in unserer eigenen Form und Kraft:<\/p>\n<p align=\"center\">Die Erde ist Energie.<\/p>\n<p>Wir k\u00f6nnen uns mit dieser Energie verbinden, um diese Realit\u00e4t zu manifestieren und wieder in Harmonie mit ihr und allen Bereichen der Sch\u00f6pfung zu leben, und um die selbsterschaffenen Bitterkeiten des Lebens in Frieden, Liebe, Sch\u00f6nheit und Gesundheit auszugleichen.<\/p>\n<p>Dazu ist die Meditation \u00fcber zwei Herzen wie geschaffen. F\u00fcr den Frieden dieser Welt und die Heilung unserer Erde.<\/p>\n<p><span style=\"font-size: xx-small;\">Annekatrin Brodersen<\/span><\/p>\n","protected":false},"excerpt":{"rendered":"<p>Die Grosse Invokation\u00a0 (als PDF) Aus dem Quell des Lichts im Denken Gottes str\u00f6me Licht herab ins Menschendenken. Es werde Licht auf Erden. Aus dem Quell der Liebe im Herzen <a class=\"more-link\" href=\"https:\/\/pranameditation.de\/?page_id=41\">Continue Reading \u2192<\/a><\/p>\n","protected":false},"author":1,"featured_media":0,"parent":0,"menu_order":0,"comment_status":"closed","ping_status":"closed","template":"","meta":{"footnotes":""},"class_list":["post-41","page","type-page","status-publish","hentry"],"_links":{"self":[{"href":"https:\/\/pranameditation.de\/index.php?rest_route=\/wp\/v2\/pages\/41","targetHints":{"allow":["GET"]}}],"collection":[{"href":"https:\/\/pranameditation.de\/index.php?rest_route=\/wp\/v2\/pages"}],"about":[{"href":"https:\/\/pranameditation.de\/index.php?rest_route=\/wp\/v2\/types\/page"}],"author":[{"embeddable":true,"href":"https:\/\/pranameditation.de\/index.php?rest_route=\/wp\/v2\/users\/1"}],"replies":[{"embeddable":true,"href":"https:\/\/pranameditation.de\/index.php?rest_route=%2Fwp%2Fv2%2Fcomments&post=41"}],"version-history":[{"count":20,"href":"https:\/\/pranameditation.de\/index.php?rest_route=\/wp\/v2\/pages\/41\/revisions"}],"predecessor-version":[{"id":644,"href":"https:\/\/pranameditation.de\/index.php?rest_route=\/wp\/v2\/pages\/41\/revisions\/644"}],"wp:attachment":[{"href":"https:\/\/pranameditation.de\/index.php?rest_route=%2Fwp%2Fv2%2Fmedia&parent=41"}],"curies":[{"name":"wp","href":"https:\/\/api.w.org\/{rel}","templated":true}]}}