{"id":392,"date":"2017-09-06T14:43:00","date_gmt":"2017-09-06T12:43:00","guid":{"rendered":"http:\/\/pranameditation.de\/?page_id=392"},"modified":"2017-09-06T14:43:00","modified_gmt":"2017-09-06T12:43:00","slug":"lebens-freude","status":"publish","type":"page","link":"https:\/\/pranameditation.de\/?page_id=392","title":{"rendered":"Lebens-Freude"},"content":{"rendered":"<p><strong>Lebens-Freude <\/strong><\/p>\n<p>\u201e Ich m\u00f6chte heute die ganze Welt umarmen und vor Freude in die Luft springen\u201c<\/p>\n<p>Im Augenblick, im Moment der Wahrnehmung unb\u00e4ndige Energie, Kraft, Lebensfreude und Gl\u00fcck sp\u00fcren?<\/p>\n<p>Kennen Sie das Gef\u00fchl und den Gedanken?<\/p>\n<p>Lebensfreude, ein Echo?? Auf was?<\/p>\n<p>Zu sp\u00fcren wie es ist: \u201ezu lieben\u201c und dieses Gl\u00fcck mit einem Menschen zu teilen und auch geliebt zu werden.<\/p>\n<p>Ein ersehntes Kind ist gesund auf die Welt gekommen.<\/p>\n<p>Eine Ausbildung, ein Berufsziel sind endlich erreicht.<br \/>\nEin Unternehmen wird aufgebaut.<br \/>\nAlle Grundbed\u00fcrfnisse sind erf\u00fcllt und Freuden eines guten unbeschwerten Lebens gesichert.<\/p>\n<p>Lebensfreude\u00a0 zu empfinden ist so verschieden, wie wir Menschen sind und ebenso vielschichtig sind unsere Empfindungen und Emotionen.<\/p>\n<p>Was f\u00fcr den einen der Nervenkitzel beim Fallschirmsprung ist, bedeutet f\u00fcr einen anderen eine tolle Liebesnacht.<br \/>\nMal wieder herzhaft und losgel\u00f6st zu lachen, Entspannung mit einem guten Buch, Urlaub und Spa\u00df, Leichtigkeit und vieles mehr.<br \/>\nDie Natur, die aufgehende Sonne und das Meer,<br \/>\neine wundersch\u00f6ne Bl\u00fcte &#8211; eine Rose, verstr\u00f6mt Ihren Duft.<br \/>\nFreude &#8211; ein verg\u00e4nglicher Zustand, den wir festhalten m\u00f6chten?<\/p>\n<p>Erinnern wir uns an tiefe Gl\u00fccksmomente, verbunden mit dem Gef\u00fchl der Freude.<br \/>\nDies erm\u00f6glicht uns, es zu aktivieren und die Sorgen und Belastungen des Alltags zu vergessen, betr\u00fcbte Stunden<br \/>\nzu verk\u00fcrzen oder zu erleichtern.<br \/>\nGibt es Freude die tiefer geht und l\u00e4nger anh\u00e4lt?<\/p>\n<p>Wie ereiche ich es, diesen Zustand tiefer anhaltender Freude zu erleben?<br \/>\nFreude am Klang der Musik, ein sch\u00f6nes Gedicht, Lebensfreude? Ich lasse damit im Konzert das alte Jahr ausklingen und verabschiede es in Dankbarkeit, mit der inneren Freude auf einen gl\u00fccklichen kommenden Zeitabschnitt.<br \/>\nDie ber\u00fchmte alte Schiller-Hymne:\u00a0 \u201eOde an die Freude.\u201c<br \/>\nZwei Passagen kommen mir dazu in den Sinn:<br \/>\nFreude, sch\u00f6ner G\u00f6tterfunken,<br \/>\nTochter aus Elisium,<br \/>\nWir betreten feuertrunken,<br \/>\nHimmlische, dein Heiligtum.<br \/>\nDeine Zauber binden wieder,<br \/>\nWas die Mode streng geteilt<br \/>\nAlle Menschen werden Br\u00fcder<br \/>\nWo dein sanfter Fl\u00fcgel weilt<br \/>\n\u201eSeid umschlungen Millionen\u201c<br \/>\n\u2026.<br \/>\nAhndest Du den Sch\u00f6pfer, Welt?<br \/>\n\u201eSuch ihn \u00fcberm Sternenzelt,<br \/>\n\u00fcber Sternen muss er wohnen\u201c<\/p>\n<p>Freude hei\u00dft die starke Feder in der ewigen Natur.<br \/>\nFreude, Freude treibt die R\u00e4der, in der gro\u00dfen Weltenuhr.<br \/>\nBlumen lockt sie aus den Keimen, Sonnen aus dem Firmament, Sph\u00e4ren rollt sie in den R\u00e4umen,<br \/>\ndie des Sehers Rohr nicht kennt\u201c.<\/p>\n<p>Nur was bewirkt die Freude in meinem oder unserem K\u00f6rper?<br \/>\nFreude ein lebendiges Gef\u00fchl, eine tiefe Schwingung die alle\u00a0 Zellen und Ebenen des physischen und feinstofflichen K\u00f6rpers erfasst und jede Zelle schwingen l\u00e4sst, sie setzt Gl\u00fcckshormone, Gef\u00fchle, Gedanken und Energie frei, wenn sie Ihren eigenen Ausdruck und Klang entstehen l\u00e4sst: Frohsein, Dankbarkeit, Liebe, Frieden, Vitalit\u00e4t, Leichtigkeit und Lebensfreude. Die Grundlage unserer Gesundheit.<\/p>\n<p>\u201eWenn die Inneren Voraussetzungen erf\u00fcllt sind, kann es sich im Au\u00dfen einstellen.\u201c (J.Murphy)<\/p>\n<p>Dann bin ich:<\/p>\n<p>Ich Bin &#8230;. eins mit meinem g\u00f6ttlichen Funken<br \/>\nIch Bin .\u2026 ein Kind Gottes<br \/>\nIch Bin \u2026. Verbunden mit Gott<br \/>\nIch Bin \u2026. eins mit Gott<br \/>\nIch Bin \u2026. Eins mit allem.<\/p>\n<p>GMCKS<br \/>\nDer Begr\u00fcnder der Prana-Heilung und des Arhatic Yoga<\/p>\n<p>Eine gute Nachricht:<br \/>\nLebensfreude ist trainierbar!!<\/p>\n<p>Zur\u00fcck zu Lebensfreude mit der Pranaheilung nach GM Choa Kok Sui, Seminare, Vortr\u00e4ge und Erlebnisabende,<br \/>\n\u201eDie Meditation \u00fcber zwei Herzen &amp; Selbstheilung\u201c,<br \/>\nInneren Blockaden und alte Muster befreien durch Systemische Beratung und l\u00f6sungsorientierte Traumabegleitung mit \u00a9Annekatrin Brodersen,<br \/>\nTelefon: 040 477920 oder www. pranic-healing-sh.de<\/p>\n<p>Alle Rechte vorbehalten, insbesondere das Recht auf Vervielf\u00e4ltigung und Verbreitung sowie \u00dcbersetzung. Kein Teil dieser Homepage darf in irgendeiner Form ohne schriftliche Genehmigung vom Autor reproduziert werden oder unter Verwendung elektronischer Systeme verarbeitet, vervielf\u00e4ltigt oder verbreitet werden.<\/p>\n","protected":false},"excerpt":{"rendered":"<p>Lebens-Freude \u201e Ich m\u00f6chte heute die ganze Welt umarmen und vor Freude in die Luft springen\u201c Im Augenblick, im Moment der Wahrnehmung unb\u00e4ndige Energie, Kraft, Lebensfreude und Gl\u00fcck sp\u00fcren? Kennen <a class=\"more-link\" href=\"https:\/\/pranameditation.de\/?page_id=392\">Continue Reading \u2192<\/a><\/p>\n","protected":false},"author":1,"featured_media":0,"parent":382,"menu_order":0,"comment_status":"closed","ping_status":"closed","template":"","meta":{"footnotes":""},"class_list":["post-392","page","type-page","status-publish","hentry"],"_links":{"self":[{"href":"https:\/\/pranameditation.de\/index.php?rest_route=\/wp\/v2\/pages\/392","targetHints":{"allow":["GET"]}}],"collection":[{"href":"https:\/\/pranameditation.de\/index.php?rest_route=\/wp\/v2\/pages"}],"about":[{"href":"https:\/\/pranameditation.de\/index.php?rest_route=\/wp\/v2\/types\/page"}],"author":[{"embeddable":true,"href":"https:\/\/pranameditation.de\/index.php?rest_route=\/wp\/v2\/users\/1"}],"replies":[{"embeddable":true,"href":"https:\/\/pranameditation.de\/index.php?rest_route=%2Fwp%2Fv2%2Fcomments&post=392"}],"version-history":[{"count":1,"href":"https:\/\/pranameditation.de\/index.php?rest_route=\/wp\/v2\/pages\/392\/revisions"}],"predecessor-version":[{"id":393,"href":"https:\/\/pranameditation.de\/index.php?rest_route=\/wp\/v2\/pages\/392\/revisions\/393"}],"up":[{"embeddable":true,"href":"https:\/\/pranameditation.de\/index.php?rest_route=\/wp\/v2\/pages\/382"}],"wp:attachment":[{"href":"https:\/\/pranameditation.de\/index.php?rest_route=%2Fwp%2Fv2%2Fmedia&parent=392"}],"curies":[{"name":"wp","href":"https:\/\/api.w.org\/{rel}","templated":true}]}}