{"id":390,"date":"2017-09-06T14:41:51","date_gmt":"2017-09-06T12:41:51","guid":{"rendered":"http:\/\/pranameditation.de\/?page_id=390"},"modified":"2017-09-06T14:41:51","modified_gmt":"2017-09-06T12:41:51","slug":"schoenheit-im-alter","status":"publish","type":"page","link":"https:\/\/pranameditation.de\/?page_id=390","title":{"rendered":"Sch\u00f6nheit im Alter"},"content":{"rendered":"<p><strong>Sch\u00f6nheit im Alter ? Alterssch\u00f6nheit zeichnet unser Gesicht des Lebens.<\/strong><\/p>\n<p>Schon Kinder und junge Menschen d\u00fcrfen und m\u00fcssen viele Herausforderungen bestehen und durchleben, die als unmittelbarer Lebensstrom der Stoff sind,<br \/>\nder f\u00fcr sp\u00e4tere Reflektion und Erkenntnis dient.<\/p>\n<p>Wenn wir etwas wirklich verstanden haben, w\u00e4chst daraus ein tiefes inneres Wissen.<br \/>\n\u201eAlt und Weise\u201c, diese Redewendung kennen wir. -Weisheit -.<br \/>\nSo ist unser sp\u00e4teres Alter kein Makel, sondern ein Teil unseres Charakters, unseres<br \/>\nLebens und er \u2013 Lebens, im besten Fall sichtbar durch innere Anmut und eine warme kraftvolle Ausstrahlung und Gesundheit.<br \/>\nAber auch\u00a0 das Ertragen von Entbehrungen, Krankheit, Leid, Mangel an Liebe, Armut, Unterdr\u00fcckung, Krieg und Trauer, sind Erfahrungen die einem Menschen oft anzusehen sind.<\/p>\n<p>Etliche Jahre im medizinischen Beruf haben mir vielschichtige Einsichten in die menschliche Seele erm\u00f6glicht. Im Besonderen \u00fcber unsere \u00e4lteste Generation.<br \/>\nSo habe ich Starke und Schwache, dynamisch Drahtige, verbittert Traurige,<br \/>\ngesunde Arme und reiche Kranke, Vereinsamte und hilflose Alte, Verwirrte und<br \/>\nvitale Urgesteine erlebt.<\/p>\n<p>Was hat sie gepr\u00e4gt?<\/p>\n<p>Fast allen gemeinsam ist die Historie, die lieblose Zeit des Krieges, die sie als Kinder ohne Kindheit, Jugendliche ohne Jugend, erwachsene Opfer und T\u00e4ter, einsam, heimatlos, verletzt, traumatisiert, verloren, hungernde Menschen, unterdr\u00fcckte Emotionen, erlittene Schocks und Traumata, verlorene Angeh\u00f6rige, Vermisste und Gefangensein wurde zum Alptraum. Der Krieg war verloren.<\/p>\n<p>Der \u00dcberlebenswille der Menschen kam in seine Kraft zur\u00fcck, alle packten an, es<br \/>\nwurde hart und diszipliniert gearbeitet und aufgebaut, das Wirtschaftswunder<br \/>\nbegann. Eine Vision wurde wahr.<br \/>\nDies pr\u00e4gte unser Land, unsere \u00e4lteren Menschen und die weiteren Generationen erheblich. Dennoch, Erlebtes wurde verdr\u00e4ngt und Gef\u00fchle und Wahrheiten verschwiegen. Es war nicht immer m\u00f6glich sie zu verstehen.<\/p>\n<p>Die heute noch lebende \u00e4ltere Generation, konnte ihr Trauma nicht gut verarbeiten ohne wieder an ihre schlimmsten Erinnerungen und Gef\u00fchle zu geraten.<br \/>\nSelbst heute sind traumatische famili\u00e4re Pr\u00e4gungen noch sichtbar und Belastungen erkennbar, bis hin zu den Kindern, Enkeln und Urenkeln.<br \/>\nVerhaltensmuster wie Angstzust\u00e4nde(durch Flucht, Mauer, Gefangenschaft, u. v. m.), die aus der tragischen Zeit stammen und nicht erl\u00f6st werden konnten werden unbeabsichtigt und unbewusst an die n\u00e4chste Generationen weitergereicht.<br \/>\nHier besteht heute noch viel Handlungs- und Heilungsbedarf. Zumindest bei gro\u00dfer<br \/>\nfamili\u00e4rer traumatischer Belastung.<\/p>\n<p><strong>Es sind Lebensspuren, die wir Falten nennen. Die unseren Charakter, unser Wesen pr\u00e4gen, um in uns eine andere Lebendigkeit entfalten zu lassen.<\/strong><strong><br \/>\nSch\u00f6nheit im Alter dr\u00fcckt sich aus durch Liebe und G\u00fcte, einer inneren W\u00fcrde und Anmut, die Ausstrahlung von innerem Frieden des Seins. <\/strong>\u00a9Annekatrin Brodersen<\/p>\n<p>Eine effektive und hilfreiche Methode ist Psycho-Pranaheilung nach Choa Kok Sui und die Systemische Trauma-Beratung.<\/p>\n<p>Alle Rechte vorbehalten, insbesondere das Recht auf Vervielf\u00e4ltigung und Verbreitung sowie \u00dcbersetzung. Kein Teil dieser Homepage darf in irgendeiner Form ohne schriftliche Genehmigung vom Autor reproduziert werden oder unter Verwendung elektronischer Systeme verarbeitet, vervielf\u00e4ltigt oder verbreitet werden.<\/p>\n<p>&nbsp;<\/p>\n","protected":false},"excerpt":{"rendered":"<p>Sch\u00f6nheit im Alter ? Alterssch\u00f6nheit zeichnet unser Gesicht des Lebens. Schon Kinder und junge Menschen d\u00fcrfen und m\u00fcssen viele Herausforderungen bestehen und durchleben, die als unmittelbarer Lebensstrom der Stoff sind, <a class=\"more-link\" href=\"https:\/\/pranameditation.de\/?page_id=390\">Continue Reading \u2192<\/a><\/p>\n","protected":false},"author":1,"featured_media":0,"parent":382,"menu_order":0,"comment_status":"closed","ping_status":"closed","template":"","meta":{"footnotes":""},"class_list":["post-390","page","type-page","status-publish","hentry"],"_links":{"self":[{"href":"https:\/\/pranameditation.de\/index.php?rest_route=\/wp\/v2\/pages\/390","targetHints":{"allow":["GET"]}}],"collection":[{"href":"https:\/\/pranameditation.de\/index.php?rest_route=\/wp\/v2\/pages"}],"about":[{"href":"https:\/\/pranameditation.de\/index.php?rest_route=\/wp\/v2\/types\/page"}],"author":[{"embeddable":true,"href":"https:\/\/pranameditation.de\/index.php?rest_route=\/wp\/v2\/users\/1"}],"replies":[{"embeddable":true,"href":"https:\/\/pranameditation.de\/index.php?rest_route=%2Fwp%2Fv2%2Fcomments&post=390"}],"version-history":[{"count":1,"href":"https:\/\/pranameditation.de\/index.php?rest_route=\/wp\/v2\/pages\/390\/revisions"}],"predecessor-version":[{"id":391,"href":"https:\/\/pranameditation.de\/index.php?rest_route=\/wp\/v2\/pages\/390\/revisions\/391"}],"up":[{"embeddable":true,"href":"https:\/\/pranameditation.de\/index.php?rest_route=\/wp\/v2\/pages\/382"}],"wp:attachment":[{"href":"https:\/\/pranameditation.de\/index.php?rest_route=%2Fwp%2Fv2%2Fmedia&parent=390"}],"curies":[{"name":"wp","href":"https:\/\/api.w.org\/{rel}","templated":true}]}}