{"id":387,"date":"2017-09-06T14:39:37","date_gmt":"2017-09-06T12:39:37","guid":{"rendered":"http:\/\/pranameditation.de\/?page_id=387"},"modified":"2017-09-06T15:05:57","modified_gmt":"2017-09-06T13:05:57","slug":"vergebung","status":"publish","type":"page","link":"https:\/\/pranameditation.de\/?page_id=387","title":{"rendered":"Vergebung"},"content":{"rendered":"<p><strong>Vergebung<\/strong><\/p>\n<p><strong>\u201eWahrheiten sind leicht zu verstehen, wenn man sie erst einmal entdeckt hat.<\/strong><strong><br \/>\nDie Schwierigkeit liegt darin, sie zu entdecken\u201c<br \/>\nGallileo Gallilei<\/strong><\/p>\n<p>K\u00f6nnen wir verstehen, dass wir in nur einem einzigen unendlichen Augenblick \u201edas Jetzt\u201c erfahren.<br \/>\n\u201eDas Jetzt\u201c in dem alles enthalten ist, die reale Welt und die spirituelle Welt sowie Tag und Nacht. Beides zusammen bildet einen ganzen Tag. Polarit\u00e4ten wie Gut und Schlecht sind ebenfalls eine dieser\u00a0 unterteilten Wahrheiten.<br \/>\nNormalerweise ist uns bewu\u00dft, dass wir selbst im erwachsenen Leben die Verantwortung f\u00fcr unser Tun und Handeln tragen und oftmals daf\u00fcr auch gleich die entsprechende Resonanz oder Quittung\u00a0 pr\u00e4sentiert bekommen. Dann ist uns Ursache und Wirkung schnell klar.<br \/>\nManchmal haben wir eine kleine Pechstr\u00e4hne und in einigen Bereichen erleben wir diese wiederholt. Dann hei\u00dft es:\u201c Ich habe einfach kein Gl\u00fcck,\u201c und wir tun es ab.<br \/>\nSolange wir so diese Anschauung im Kleinen vertreten, ist es leicht m\u00f6glich, dass es uns noch \u00f6fter und massiver wiederf\u00e4hrt.<br \/>\nSind wir jetzt bereit tiefer zu schauen und zu f\u00fchlen?<\/p>\n<p>Die Psyche von uns Menschen erm\u00f6glicht uns selbst und andere auf vielen Ebenen wahrzunehmen.<\/p>\n<p>Dazu sollte der Begriff Psyche auch den Begriff Seele beinhalten, denn sie sind untrennbar miteinander verbunden.<br \/>\nSolange unser K\u00f6rper sich im Gleichgewicht befindet und unsere inneren und \u00e4u\u00dferen Beziehungen im emotionalen Flu\u00df, geht es uns<br \/>\nin der Regel gut und wir haben sicher nicht den Wunsch, viel daran<br \/>\nzu \u00e4ndern.<\/p>\n<p>Was aber bedeutet es f\u00fcr einen\u00a0 Menschen der traumatische Lebensumst\u00e4nde, schwerwiegende Verletzungen der Seele und gro\u00dfen Schmerz erfahren mu\u00dfte?<br \/>\nSo gibt es menschenunw\u00fcrdige politische Systeme, ganz nah erinnert sich vielleicht die \u00e4ltere Generation noch an die Kriegstraumen?<br \/>\nDoch selbst in Friedenszeiten sind wir Konflikten mit Organisationen,<br \/>\nVerbrechen und Gewalt immer wieder neu ausgesetzt.<br \/>\nBesonders schwerwiegend\u00a0 ist es, wenn Kinder oder abh\u00e4ngige\u00a0 Menschen Schaden durch Vertrauenspersonen erleiden mu\u00dften.<br \/>\nOft ist die Familie kein gesch\u00fctzter Ort.<br \/>\nDies ist seelisch schwer zu reparieren.<br \/>\nEs f\u00fchrt die Menschen, je nach ihrem Leidensprozess,<br \/>\nin eine Schutzpraxis der Psyche.<br \/>\nPsychologen sprechen von einer Traumatechnik der Seele.<\/p>\n<p>Sind wir Menschen leidensf\u00e4hig?<br \/>\nOft\u00a0 gew\u00f6hnen wir uns an schwierige Lebenssituationen und kommen aus diesen sehr schwer aus eigener Kraft heraus.<\/p>\n<p>So gibt es im Leben immer wieder T\u00e4ter und Opfer.<br \/>\nWie viele Handlungen werden nie zur Rechenschaft gezogen,<br \/>\nselbst wenn es eine Strafe gibt.<br \/>\nMindert dies \u00fcberhaupt unseren Schmerz und unsere Verletzungen? Was kann ich als sogenanntes Opfer \u00fcberhaupt tun??<br \/>\nJeder Mensch trifft hierzu seine pers\u00f6nliche Entscheidung.<br \/>\nEine Schuldfrage?<\/p>\n<p>\u2026\u2026.. Rache!<\/p>\n<p>Vergebung\u2026\u2026\u2026<\/p>\n<p>sie ist das Elexier zur Heilung der Wunden.<br \/>\nEs ist der goldene Schl\u00fcssel.<br \/>\nSie k\u00f6nnen ihn nehmen<br \/>\noder auch nicht-<\/p>\n<p><strong>Wollen Sie Ihn?<\/strong><\/p>\n<p>Vergeben hat nichts mit dem Guthei\u00dfen von wirklichem Unrecht zu tun.<br \/>\nWas kann ich nun selbst dazu tun, um\u00a0 das Wesen der Vergebung besser verstehen zu k\u00f6nnen?<br \/>\nEs gibt eine innere und eine \u00e4u\u00dfere Vergebung. Die innere Vergebung<br \/>\ngilt f\u00fcr alle Menschen, die \u00c4u\u00dfere richtet sich nach der Schwere des Falles. Wenn ein Verbrechen schwerwiegend ist, mu\u00df der T\u00e4ter zur Rechenschaft gezogen werden, sonst werden Gerechtigkeit und Ordnung au\u00dfer Kraft gesetzt.<br \/>\nBei der inneren Vergebung geht es um das Loslassen der energetischen Verbindung mit dem T\u00e4ter denn wir sind durch Wut, Hass und\u00a0 Zorn mit dem T\u00e4ter verstrickt und energetisch an ihn gekettet. Um diese Verbindung zu l\u00f6sen und um frei zu sein, m\u00fcssen wir vergeben. Wer nicht vergiebt, kann auch nicht geheilt werden. Wenn wir vergeben, wird uns vergeben.<\/p>\n<p>Wirkliches Vergeben kann alles ver\u00e4ndern und die tiefgreifendsten Verwandlungen erzielen.<br \/>\nProbieren sie es doch selbst einmal aus und bitte vergessen Sie nicht sich selbst zu vergeben!<br \/>\nWem haben Sie Verletzungen zugef\u00fcgt oder waren Sie immer rein und fehlerfrei? Nat\u00fcrlich\u00a0 macht es einen Unterschied, ob eine Absicht oder ein Vorsatz zugrunde liegt.<\/p>\n<p>Das Vergeben bedeutet, ich \u00fcberwinde den Schmerz und rei\u00dfe die alten Wunden nicht immer erneut wieder auf.<br \/>\nDa er nur Groll, Hass und Angst hervorruft, unser Gleichgewicht st\u00f6rt und uns m\u00f6glicherweise noch krank macht. So k\u00f6nnen wir nicht in Liebe, Harmonie und innerem Frieden leben.<br \/>\nZun\u00e4chst sollten wir aber bereit sein zu verzeihen.<br \/>\nDann erst kann es sich auf unsere Psyche, unsere Seele, unser Gem\u00fct und unser ganzes Leben heilend\u00a0 auswirken und alte Anhaftungen von Schuld und eigenem Opferdasein k\u00f6nnen\u00a0 transformiert werden.<br \/>\nMachen Sie sich eine kleine Liste und schauen sie sich ehrlich an, wen auch Sie um Vergebung bitten k\u00f6nnten und wem sie etwas zu vergeben haben.<\/p>\n<p><strong>Wie vergebe ich? <\/strong><\/p>\n<p>Haben Sie den Mut und viel Liebe zu sich selbst, einmal diese Bilanz zu ziehen, denn die Liebe und die Vergebung heilen alle (viele) Wunden. Damit es einfacher geht, versuchen Sie es doch einmal mit dem Vergebungsgebet. \u00a9Annkatrin Brodersen<\/p>\n<hr \/>\n<p><strong>Vergebungsgebet <\/strong><\/p>\n<p><strong>Ich\u2026.(Dein Name)\u2026..aus dem tiefsten Grund meines Seins. Vergebe jetzt allen Wesen, die mir jemals Schmerz zugef\u00fcgt haben, auf allen Ebenen, auf alle m\u00f6glichen Arten und\u00a0 Weisen (bewu\u00dft oder unbewu\u00dft) bis hin zum Anfang aller Zeiten. Ich vergebe Ihnen hier und jetzt!<\/strong><\/p>\n<p><strong>Ich\u2026.(Dein Name)\u2026..aus dem tiefsten Grund meines Seins. vergebe jetzt mir selbst, dass ich anderen Schmerz zugef\u00fcgt habe, auf allen Ebenen, auf alle m\u00f6glichen Arten und\u00a0 Weisen (bewu\u00dft oder unbewu\u00dft) bis hin zum Anfang aller Zeiten. Ich vergebe mir hier und jetzt!<\/strong><\/p>\n<p><strong>Ich\u2026.(Dein Name)\u2026..aus dem tiefsten Grund meines Seins. Vergebe mir selbst, dass ich mir all die Schmerzen und das Leid\u00a0 zugef\u00fcgt habe, auf allen Ebenen, auf alle m\u00f6glichen Arten und\u00a0 Weisen (bewu\u00dft oder unbewu\u00dft) bis hin zum Anfang aller Zeiten. Ich vergebe mir hier und jetzt!<\/strong><\/p>\n<p><strong>Ich\u2026.(Dein Name)\u2026.befreie mich jetzt selbst auf allen Ebenen und auf alle m\u00f6glichen Arten und Weisen und erteile mir jetzt die absolute und uneingeschr\u00e4nkte Erlaubnis dem eigenen Pfad meiner Seele zu folgen.<\/strong><\/p>\n<p>von Michael Bradford<\/p>\n<hr \/>\n<p>&nbsp;<\/p>\n","protected":false},"excerpt":{"rendered":"<p>Vergebung \u201eWahrheiten sind leicht zu verstehen, wenn man sie erst einmal entdeckt hat. Die Schwierigkeit liegt darin, sie zu entdecken\u201c Gallileo Gallilei K\u00f6nnen wir verstehen, dass wir in nur einem <a class=\"more-link\" href=\"https:\/\/pranameditation.de\/?page_id=387\">Continue Reading \u2192<\/a><\/p>\n","protected":false},"author":1,"featured_media":0,"parent":382,"menu_order":0,"comment_status":"closed","ping_status":"closed","template":"","meta":{"footnotes":""},"class_list":["post-387","page","type-page","status-publish","hentry"],"_links":{"self":[{"href":"https:\/\/pranameditation.de\/index.php?rest_route=\/wp\/v2\/pages\/387","targetHints":{"allow":["GET"]}}],"collection":[{"href":"https:\/\/pranameditation.de\/index.php?rest_route=\/wp\/v2\/pages"}],"about":[{"href":"https:\/\/pranameditation.de\/index.php?rest_route=\/wp\/v2\/types\/page"}],"author":[{"embeddable":true,"href":"https:\/\/pranameditation.de\/index.php?rest_route=\/wp\/v2\/users\/1"}],"replies":[{"embeddable":true,"href":"https:\/\/pranameditation.de\/index.php?rest_route=%2Fwp%2Fv2%2Fcomments&post=387"}],"version-history":[{"count":3,"href":"https:\/\/pranameditation.de\/index.php?rest_route=\/wp\/v2\/pages\/387\/revisions"}],"predecessor-version":[{"id":398,"href":"https:\/\/pranameditation.de\/index.php?rest_route=\/wp\/v2\/pages\/387\/revisions\/398"}],"up":[{"embeddable":true,"href":"https:\/\/pranameditation.de\/index.php?rest_route=\/wp\/v2\/pages\/382"}],"wp:attachment":[{"href":"https:\/\/pranameditation.de\/index.php?rest_route=%2Fwp%2Fv2%2Fmedia&parent=387"}],"curies":[{"name":"wp","href":"https:\/\/api.w.org\/{rel}","templated":true}]}}