{"id":382,"date":"2017-09-06T14:32:44","date_gmt":"2017-09-06T12:32:44","guid":{"rendered":"http:\/\/pranameditation.de\/?page_id=382"},"modified":"2017-09-06T14:50:05","modified_gmt":"2017-09-06T12:50:05","slug":"artikel","status":"publish","type":"page","link":"https:\/\/pranameditation.de\/?page_id=382","title":{"rendered":"Artikel"},"content":{"rendered":"<p><span style=\"font-size: 20px;\">Vergebung<\/span><\/p>\n<p>\u201eWahrheiten sind leicht zu verstehen, wenn man sie erst einmal entdeckt hat.<br \/>\nDie Schwierigkeit liegt darin, sie zu entdecken\u201c<br \/>\nGallileo Gallilei<\/p>\n<p><a href=\"http:\/\/pranameditation.de\/?page_id=387\">Weiter lesen<\/a><\/p>\n<p><span style=\"font-size: 20px;\">Sch\u00f6nheit im Alter ? Alterssch\u00f6nheit zeichnet unser Gesicht des Lebens.<\/span><\/p>\n<p>Schon Kinder und junge Menschen d\u00fcrfen und m\u00fcssen viele Herausforderungen bestehen und durchleben, die als unmittelbarer Lebensstrom der Stoff sind,<br \/>\nder f\u00fcr sp\u00e4tere Reflektion und Erkenntnis dient.<\/p>\n<p><a href=\"http:\/\/pranameditation.de\/?page_id=390\">Weiter lesen<\/a><\/p>\n<p><span style=\"font-size: 20px;\">Lebens-Freude<\/span><\/p>\n<p>\u201e Ich m\u00f6chte heute die ganze Welt umarmen und vor Freude in die Luft springen\u201c<\/p>\n<p>Im Augenblick, im Moment der Wahrnehmung unb\u00e4ndige Energie, Kraft, Lebensfreude und Gl\u00fcck sp\u00fcren?<\/p>\n<p>Kennen Sie das Gef\u00fchl und den Gedanken?<\/p>\n<p><a href=\"http:\/\/pranameditation.de\/?page_id=392\">Weiter lesen<\/a><\/p>\n","protected":false},"excerpt":{"rendered":"<p>Vergebung \u201eWahrheiten sind leicht zu verstehen, wenn man sie erst einmal entdeckt hat. Die Schwierigkeit liegt darin, sie zu entdecken\u201c Gallileo Gallilei Weiter lesen Sch\u00f6nheit im Alter ? Alterssch\u00f6nheit zeichnet <a class=\"more-link\" href=\"https:\/\/pranameditation.de\/?page_id=382\">Continue Reading \u2192<\/a><\/p>\n","protected":false},"author":1,"featured_media":0,"parent":0,"menu_order":0,"comment_status":"closed","ping_status":"closed","template":"","meta":{"footnotes":""},"class_list":["post-382","page","type-page","status-publish","hentry"],"_links":{"self":[{"href":"https:\/\/pranameditation.de\/index.php?rest_route=\/wp\/v2\/pages\/382","targetHints":{"allow":["GET"]}}],"collection":[{"href":"https:\/\/pranameditation.de\/index.php?rest_route=\/wp\/v2\/pages"}],"about":[{"href":"https:\/\/pranameditation.de\/index.php?rest_route=\/wp\/v2\/types\/page"}],"author":[{"embeddable":true,"href":"https:\/\/pranameditation.de\/index.php?rest_route=\/wp\/v2\/users\/1"}],"replies":[{"embeddable":true,"href":"https:\/\/pranameditation.de\/index.php?rest_route=%2Fwp%2Fv2%2Fcomments&post=382"}],"version-history":[{"count":4,"href":"https:\/\/pranameditation.de\/index.php?rest_route=\/wp\/v2\/pages\/382\/revisions"}],"predecessor-version":[{"id":1617,"href":"https:\/\/pranameditation.de\/index.php?rest_route=\/wp\/v2\/pages\/382\/revisions\/1617"}],"wp:attachment":[{"href":"https:\/\/pranameditation.de\/index.php?rest_route=%2Fwp%2Fv2%2Fmedia&parent=382"}],"curies":[{"name":"wp","href":"https:\/\/api.w.org\/{rel}","templated":true}]}}