{"id":38,"date":"2016-12-13T14:16:06","date_gmt":"2016-12-13T13:16:06","guid":{"rendered":"http:\/\/pranameditation.de\/wordpress\/?page_id=38"},"modified":"2019-07-20T21:38:12","modified_gmt":"2019-07-20T19:38:12","slug":"zur-person","status":"publish","type":"page","link":"https:\/\/pranameditation.de\/?page_id=38","title":{"rendered":"Zur Person"},"content":{"rendered":"<p><a href=\"http:\/\/pranameditation.de\/wp-content\/uploads\/2017\/12\/annekatrin2.jpg\"><img loading=\"lazy\" decoding=\"async\" class=\"alignleft wp-image-538\" src=\"http:\/\/pranameditation.de\/wp-content\/uploads\/2017\/12\/annekatrin2-232x300.jpg\" alt=\"\" width=\"160\" height=\"207\" srcset=\"https:\/\/pranameditation.de\/wp-content\/uploads\/2017\/12\/annekatrin2-232x300.jpg 232w, https:\/\/pranameditation.de\/wp-content\/uploads\/2017\/12\/annekatrin2.jpg 564w\" sizes=\"auto, (max-width: 160px) 100vw, 160px\" \/><\/a>Ich, Annekatrin Brodersen, erwachsene Kinder und Enkel. war viele Jahre in schulmedizinischen Bereichen t\u00e4tig.<\/p>\n<p>Im Jahr 2000 lernte ich die Pranaheilung kennen und erlebe seitdem die ersten interessanten positiven Erfahrungen von Selbstheilung.<\/p>\n<p>Insbesondere bei chronischen Erkrankungen, Bluthochdruck, Stress, chronische Schmerzen, Asthma, Migr\u00e4ne, Burnout, Angstst\u00f6rung, Diabetes und vielem mehr, haben sich wesentliche Verbesserungen der Gesundheit bei Mensch und Tier gezeigt.<\/p>\n<p>Gerne informiere ich Sie als ganzheitliche Gesundheitsbegleiterin \u00fcber die m\u00f6glichen Heilungsschritte, in Ihrem pers\u00f6nlichem Fall. Vorbeugend und unterst\u00fctzend k\u00f6nnen Sie die Pranaheilung selber erlernen. Die Pranaheilung ersetzt nicht die klassische Schulmedizin aber erg\u00e4nzt diese effektiv.<\/p>\n<p>Weiterhin biete ich in Hamburg und Schleswig-Holstein Vortr\u00e4ge, Erlebnisabende, Workshops, Meditationsabende und Seminare an. Au\u00dferdem k\u00f6nnen Sie bei mir Anwendungen in den Bereichen Systemisches Coaching und Traumabegleitung (Kl\u00e4ren von famili\u00e4ren, traumatischen und anderen Verstrickungen), zum L\u00f6sen emotionaler, mentaler und psychischer Blockaden buchen.<\/p>\n<p><em>Mein Werdegang:<\/em><br \/>\nIm Jahr 2000 absolvierte ich den Grundkurs bei Master Sai Cholletti in Deutschland und anschlie\u00dfend bei Grandmaster Choa Kok Sui in San Filiu in Spanien die Fortgeschrittenen Seminare der Pranaheilung und der Meditation f\u00fcr Soul Realisation, unter anderem Arhatic Yoga, die Meditation \u00fcber &#8222;Zwei Herzen&#8220; und Selbstheilungsmeditation.<\/p>\n<p>\u00dcber meine Lehrerausbildung bei Master Sai Cholletti, Koordinator f\u00fcr Prana-Heilung in Deutschland wurde ich 2003 eine Autorisierte Lehrerin f\u00fcr Grundlagen des Pranaheilens (P 1), 2008 f\u00fcr Fortgeschrittenes Pranaheilen (P 2) , 2015 f\u00fcr Psychoprana (P 3) und die Ausbildung 2009 zur Zertifizierten Pranaanwenderin in Hamburg und Schleswig-Holstein (Pranazentrum Eckernf\u00f6rde, Carlsh\u00f6he Haus 42). Workshops f\u00fcr SuperbrainYoga, Vortr\u00e4ge\/Erlebnisabende, Workshops f\u00fcr Superbrain Yoga, Trainingsgruppen f\u00fcr Prana-Absolventen und Prana-Einzelsitzungen sind in meinem Angebot.<\/p>\n<p>Die Pranaheilung kann in Seminaren von jedem gesunden Menschen mit einem urteilsf\u00e4higen Geist erlernt werden und ist besonders geeignet f\u00fcr chronische Erkrankungen, Therapeuten, Menschen die in Heilberufen t\u00e4tig sind und zur Vorbeugung von Erkrankungen (Prophylaxe).<\/p>\n<p>Leiterin f\u00fcr Meditationsgruppen &#8211; der Meditation \u00fcber &#8222;Zwei Herzen und Selbstheilung&#8220;, Arhatic Yoga \u00dcbungsgruppen. Von mir werden<br \/>\nGruppenleiter f\u00fcr die Meditation \u00fcber Zwei Herzen und die Selbstheilungsmeditation ausgebildet.<\/p>\n<p>Die Vision meines Lehrers Grandmaster Choa Kok Sui ist es, dass in jeder Familie ein Pranaheiler sein m\u00f6ge. Mein Anliegen ist es, dies zu unterst\u00fctzen, und dadurch dem Frieden auf dieser Welt zu dienen, besonders durch den pers\u00f6nlichen inneren Frieden des oder der Meditierenden.<\/p>\n<p>&nbsp;<\/p>\n<p style=\"text-align: center;\"><a href=\"http:\/\/pranameditation.de\/wp-content\/uploads\/2017\/06\/ma-e1498829834232.jpg\"><img loading=\"lazy\" decoding=\"async\" class=\"aligncenter size-full wp-image-199\" src=\"http:\/\/pranameditation.de\/wp-content\/uploads\/2017\/06\/ma-e1498829834232.jpg\" alt=\"\" width=\"240\" height=\"243\" \/><\/a>Grand Master Choa Kok Sui, Charlotte Anderson (Schirmherrin PPM) und Annekatrin Brodersen<\/p>\n<p>&nbsp;<\/p>\n","protected":false},"excerpt":{"rendered":"<p>Ich, Annekatrin Brodersen, erwachsene Kinder und Enkel. war viele Jahre in schulmedizinischen Bereichen t\u00e4tig. Im Jahr 2000 lernte ich die Pranaheilung kennen und erlebe seitdem die ersten interessanten positiven Erfahrungen <a class=\"more-link\" href=\"https:\/\/pranameditation.de\/?page_id=38\">Continue Reading \u2192<\/a><\/p>\n","protected":false},"author":1,"featured_media":0,"parent":0,"menu_order":0,"comment_status":"closed","ping_status":"closed","template":"","meta":{"footnotes":""},"class_list":["post-38","page","type-page","status-publish","hentry"],"_links":{"self":[{"href":"https:\/\/pranameditation.de\/index.php?rest_route=\/wp\/v2\/pages\/38","targetHints":{"allow":["GET"]}}],"collection":[{"href":"https:\/\/pranameditation.de\/index.php?rest_route=\/wp\/v2\/pages"}],"about":[{"href":"https:\/\/pranameditation.de\/index.php?rest_route=\/wp\/v2\/types\/page"}],"author":[{"embeddable":true,"href":"https:\/\/pranameditation.de\/index.php?rest_route=\/wp\/v2\/users\/1"}],"replies":[{"embeddable":true,"href":"https:\/\/pranameditation.de\/index.php?rest_route=%2Fwp%2Fv2%2Fcomments&post=38"}],"version-history":[{"count":49,"href":"https:\/\/pranameditation.de\/index.php?rest_route=\/wp\/v2\/pages\/38\/revisions"}],"predecessor-version":[{"id":1005,"href":"https:\/\/pranameditation.de\/index.php?rest_route=\/wp\/v2\/pages\/38\/revisions\/1005"}],"wp:attachment":[{"href":"https:\/\/pranameditation.de\/index.php?rest_route=%2Fwp%2Fv2%2Fmedia&parent=38"}],"curies":[{"name":"wp","href":"https:\/\/api.w.org\/{rel}","templated":true}]}}