{"id":36,"date":"2016-12-13T14:16:06","date_gmt":"2016-12-13T13:16:06","guid":{"rendered":"http:\/\/pranameditation.de\/wordpress\/?page_id=36"},"modified":"2018-09-20T20:10:24","modified_gmt":"2018-09-20T18:10:24","slug":"seminare","status":"publish","type":"page","link":"https:\/\/pranameditation.de\/?page_id=36","title":{"rendered":"Seminarangebote"},"content":{"rendered":"<p><a href=\"http:\/\/pranameditation.de\/wp-content\/uploads\/2017\/09\/annekatrin.jpg\"><img loading=\"lazy\" decoding=\"async\" class=\"alignright wp-image-372\" src=\"http:\/\/pranameditation.de\/wp-content\/uploads\/2017\/09\/annekatrin-220x300.jpg\" alt=\"\" width=\"150\" height=\"205\" srcset=\"https:\/\/pranameditation.de\/wp-content\/uploads\/2017\/09\/annekatrin-220x300.jpg 220w, https:\/\/pranameditation.de\/wp-content\/uploads\/2017\/09\/annekatrin.jpg 639w\" sizes=\"auto, (max-width: 150px) 100vw, 150px\" \/><\/a>Alternative Heilmethoden aller erdenklichen Richtungen, Qi Gong, Feng Shui, Yoga und Meditation,\u00a0 genau diese Begriffe sind heute in aller Munde und bringen uns mit Wissenschaften und Techniken in Ber\u00fchrung, deren Inhalt man oft\u00a0nicht anfassen und manchmal kaum erfassen kann &#8211; feinstoffliche Energie.<\/p>\n<p>Noch andere Begriffe pr\u00e4gen die Zeit: Stress, Depression, Burn-Out-Syndrom und andere psychische Belastungsst\u00f6rungen deuten daraufhin, dass der Mensch aus noch mehr besteht, als nur seinem sichtbaren, physischen K\u00f6rper.<\/p>\n<p>Handelt es sich dabei um Einbildungen oder um allt\u00e4gliche Begleiterscheinungen unseres zugrunde liegenden Lebensstils?<\/p>\n<p>Wenn Probleme mit einem psychischen Hintergrund vorliegen, kann die Prana-Heilung mit deutlich rascher, sanfter und anhaltender Wirkung eine effektive Erg\u00e4nzung zur klassischen Medizin und anderer Heilverfahren sein. Hier werden oft gute Erfolge erzielt.<\/p>\n<p>Der philippinische Ingenieur und Yogi Grandmaster Choa Kok Sui hat das Wesentliche aus vielen alten vedischen Heilslehren f\u00fcr den Westen zusammengetragen, erforscht und neu strukturiert.<\/p>\n<p>In der\u00a0so entstandenen Lehre der\u00a0Prana-Heilung und Pranameditation wird das Wissen in Seminaren \u00fcber die uns umgebenen, feinstofflichen Energien weitergegeben. <strong>Das Gelernte dient dazu, uns und anderen Menschen zu helfen.<\/strong><\/p>\n<p>Alltagstauglichkeit ist darum ein Muss f\u00fcr die Inhalte aller Workshops. Denn nur, was sich anwenden l\u00e4sst und sich in unserem Alltag bew\u00e4hrt, kann genutzt,\u00a0verinnerlicht und\u00a0angewendet werden. Damit\u00a0sind wir wirklich fit f\u00fcr das neue, junge Jahrtausend!<\/p>\n<p><strong>Prana-Heilung &#8211;<\/strong> <strong>Heiltechnik mit verbl\u00fcffender Effektivit\u00e4t, zur Gesunderhaltung, Gesundheitsvorsorge und Heilung!<\/strong><\/p>\n<p>Normalerweise befindet sich das Energiesystem des Menschen in einem harmonischen Zustand. Einfl\u00fcsse von Au\u00dfen, negative Gef\u00fchle oder Gedanken k\u00f6nnen dieses Gleichgewicht st\u00f6ren. Die Prana-Heilung nach Grandmaster Choa Kok Sui wendet das Wissen um die feinstofflichen Energien des K\u00f6rpers an, um Beschwerden jeglicher Art zu lindern oder zu heilen. Kranke Energie wird dabei von der betroffenen Stelle entfernt und durch frische ersetzt.<\/p>\n<p>In aufeinander aufbauenden Seminaren werden die Lerninhalte in klar strukturierten Unterrichtseinheiten vermittelt und anhand von \u00dcbungen umgesetzt. So werden Techniken erlernt, die im Alltag zur Linderung oder Heilung von kleineren und gr\u00f6\u00dferen Beschwerden (z.B. Verbrennungen, Prellungen, Schnittwunden, Kopfschmerzen, Fieber, Durchfall, Menstruationsprobleme u.v.a.m.) bei uns selbst oder anderen angewendet werden k\u00f6nnen. Einfache, aber wirkungsvolle Techniken zur Selbstheilung und zum Schutz erg\u00e4nzen das Programm.<\/p>\n<p>In den fortgeschrittenen Seminaren werden der Umgang mit farbigem Prana und starke Techniken vermittelt, die zur Linderung oder Heilung von schweren Krankheiten (z.B. Rheuma, Meningitis, Diabetes, Tumore\u00a0u.v.a.m.) und psychischen St\u00f6rungen (z.B. Stre\u00df, Phobien, Depressionen u.v.a.m.) eingesetzt werden k\u00f6nnen.<\/p>\n<p>Das Angebot wird vollst\u00e4ndig gemacht durch ein Seminar \u00fcber Heiltechniken mit Kristallen und ein Seminar \u00fcber wirksame Techniken zur energetischen Selbstverteidigung.<\/p>\n<p><strong>Prana-Heilung nach Grandmaster Choa Kok Sui:<\/strong><\/p>\n<ul>\n<li>ohne K\u00f6rperber\u00fchrung<\/li>\n<li>leicht zu lernen<\/li>\n<li>erg\u00e4nzt die Schulmedizin und andere Heilverfahren<\/li>\n<li>beugt Krankheiten vor und unterst\u00fctzt die Selbstheilung<\/li>\n<li>effektiv in der Anwendung<\/li>\n<li>aufbauende und weiterf\u00fchrende Seminare<\/li>\n<\/ul>\n<p><strong>Grundlagen der Prana-Heilung<\/strong><span style=\"font-size: xx-small;\">\u00a0<\/span><a href=\"http:\/\/pranameditation.de\/?page_id=37\"><span style=\"font-size: xx-small;\">[Termine]<\/span><\/a><\/p>\n<ul>\n<li>Grundkonzepte der Energieheilung<\/li>\n<li>Reinigungs- und Energetisierungstechniken<\/li>\n<li>Aufbau und Funktion des feinstofflichen Systems des Menschen<\/li>\n<li>Scanning &#8211; das F\u00fchlen von feinstofflichen Energien<\/li>\n<li>Atemtechniken<\/li>\n<li>Selbstheilung praktisch erlernen<\/li>\n<li>Fernheilungstechnik<\/li>\n<li>Charakterbildung<\/li>\n<li>Meditation \u00fcber zwei Herzen<\/li>\n<\/ul>\n<p><strong>Fortgeschrittenes Prana-Heilen<\/strong><span style=\"font-size: xx-small;\">\u00a0<\/span><a href=\"http:\/\/pranameditation.de\/?page_id=37\"><span style=\"font-size: xx-small;\">[Termine]<\/span><\/a><\/p>\n<ul>\n<li>Erzeugung und Anwendung von farbigem Prana<\/li>\n<li>Vertiefung und Erweiterung der Kenntnisse \u00fcber das feinstoffliche System des Menschen<\/li>\n<li>Fortgeschrittene Reinigung und Energetisierung<\/li>\n<li>Fortgeschrittene Heiltechniken<\/li>\n<\/ul>\n<p><strong>Prana-Psychotherapie<\/strong><span style=\"font-size: xx-small;\">\u00a0<\/span><a href=\"http:\/\/pranameditation.de\/?page_id=37\"><span style=\"font-size: xx-small;\">[Termine]<\/span><\/a><\/p>\n<ul>\n<li>Psychologische Aspekte der Chakras<\/li>\n<li>Techniken zur Heilung von Stre\u00df, Sucht, Depression, Phobien<\/li>\n<li>Schutzschilde<\/li>\n<\/ul>\n<p><strong>Au\u00dferdem:<\/strong><\/p>\n<ul>\n<li>Super Brain Yoga Workshop<\/li>\n<li>Prana-Heilung mit Kristallen<\/li>\n<li>Energetischer Selbstschutz<\/li>\n<li>Arhatic Yoga<\/li>\n<li>u.a.<\/li>\n<\/ul>\n","protected":false},"excerpt":{"rendered":"<p>Alternative Heilmethoden aller erdenklichen Richtungen, Qi Gong, Feng Shui, Yoga und Meditation,\u00a0 genau diese Begriffe sind heute in aller Munde und bringen uns mit Wissenschaften und Techniken in Ber\u00fchrung, deren <a class=\"more-link\" href=\"https:\/\/pranameditation.de\/?page_id=36\">Continue Reading \u2192<\/a><\/p>\n","protected":false},"author":1,"featured_media":0,"parent":0,"menu_order":0,"comment_status":"closed","ping_status":"closed","template":"","meta":{"footnotes":""},"class_list":["post-36","page","type-page","status-publish","hentry"],"_links":{"self":[{"href":"https:\/\/pranameditation.de\/index.php?rest_route=\/wp\/v2\/pages\/36","targetHints":{"allow":["GET"]}}],"collection":[{"href":"https:\/\/pranameditation.de\/index.php?rest_route=\/wp\/v2\/pages"}],"about":[{"href":"https:\/\/pranameditation.de\/index.php?rest_route=\/wp\/v2\/types\/page"}],"author":[{"embeddable":true,"href":"https:\/\/pranameditation.de\/index.php?rest_route=\/wp\/v2\/users\/1"}],"replies":[{"embeddable":true,"href":"https:\/\/pranameditation.de\/index.php?rest_route=%2Fwp%2Fv2%2Fcomments&post=36"}],"version-history":[{"count":9,"href":"https:\/\/pranameditation.de\/index.php?rest_route=\/wp\/v2\/pages\/36\/revisions"}],"predecessor-version":[{"id":880,"href":"https:\/\/pranameditation.de\/index.php?rest_route=\/wp\/v2\/pages\/36\/revisions\/880"}],"wp:attachment":[{"href":"https:\/\/pranameditation.de\/index.php?rest_route=%2Fwp%2Fv2%2Fmedia&parent=36"}],"curies":[{"name":"wp","href":"https:\/\/api.w.org\/{rel}","templated":true}]}}