{"id":35,"date":"2016-12-13T14:16:06","date_gmt":"2016-12-13T13:16:06","guid":{"rendered":"http:\/\/pranameditation.de\/wordpress\/?page_id=35"},"modified":"2023-06-24T15:27:25","modified_gmt":"2023-06-24T13:27:25","slug":"wp-contentuploads201612superbrainyoga-pdf","status":"publish","type":"page","link":"https:\/\/pranameditation.de\/?page_id=35","title":{"rendered":"Superbrain Yoga"},"content":{"rendered":"<div id=\"attachment_152\" style=\"width: 230px\" class=\"wp-caption alignright\"><a href=\"http:\/\/pranameditation.de\/wp-content\/uploads\/2016\/12\/sby.jpg\"><img loading=\"lazy\" decoding=\"async\" aria-describedby=\"caption-attachment-152\" class=\"wp-image-152 size-medium\" src=\"http:\/\/pranameditation.de\/wp-content\/uploads\/2016\/12\/sby-220x300.jpg\" alt=\"\" width=\"220\" height=\"300\" srcset=\"https:\/\/pranameditation.de\/wp-content\/uploads\/2016\/12\/sby-220x300.jpg 220w, https:\/\/pranameditation.de\/wp-content\/uploads\/2016\/12\/sby-752x1024.jpg 752w, https:\/\/pranameditation.de\/wp-content\/uploads\/2016\/12\/sby.jpg 753w\" sizes=\"auto, (max-width: 220px) 100vw, 220px\" \/><\/a><p id=\"caption-attachment-152\" class=\"wp-caption-text\">N\u00e4chster Termin am 04.10.2023<\/p><\/div>\n<p><strong>SuperBrain Yoga<\/strong><br \/>\n&#8222;Nur durch Bildung und eine h\u00f6here Intelligenz der Massen kann Frieden auf der ganzen Welt verwirklicht werden.&#8220; \u2013 MCKS<\/p>\n<p>Viele wissenschaftliche Studien belegen die F\u00e4higkeit unseres menschlichen Gehirns zur Neubildung von Gehirnzellen und Neuronen, Aufl\u00f6sung blockierter Energiekreisl\u00e4ufe hervorgerufen durch Krankheit, Unf\u00e4lle oder Alter und somit die Regeneration des Gehirns in jeder Altersgruppe und f\u00fcr jede Herausforderung.<\/p>\n<p>Wir kennen die Akupunktur, die Hand- und Fu\u00dfreflexzonentherapie und \u00fcber die Irisdiagnose die Entsprechungen der Reflexpunkte zu Organen und K\u00f6rperzonen. In der 20j\u00e4hrigen medizinischen Forschung entdeckte der Neurologe Dr.P. Nogier, dass die Ohren dem gesamten K\u00f6rper entsprechen. Unser Ohr gleicht dem Bildnis eines eingerollten F\u00f6tus in umgekehrter Lage.<\/p>\n<p>Master Choa Kok Sui, der Begr\u00fcnder des Pranic Healing \u00ae(Prana-Heilung &amp; des Arhatic Yoga) empfiehlt in seinem gleichnamigen Buch die uralte Technik des Superbrain Yoga. Die daraus resultierenden \u00dcbungen sind einfach und klar und ben\u00f6tigen in ihrer Anwendung nur einige Minuten. Dieses Wissen wird uns nun in Workshops an Schulen, Unis und Einrichtungen in Deutschland zur Verf\u00fcgung gestellt. Regelm\u00e4\u00dfige t\u00e4gliche Anwendungen \u00fcber einen gewissen Zeitraum k\u00f6nnen bereits zu erstaunlichen Ergebnissen f\u00fchren. Auch behinderte und \u00e4ltere Menschen k\u00f6nnen Superbrain Yoga durchf\u00fchren.Besonders f\u00fcr schulische Anforderungen bei Kindern und Jugendlichen st\u00e4rkt es die Konzentrationsf\u00e4higkeit und Vitalit\u00e4t.<\/p>\n<p><video controls=\"controls\" width=\"500\" height=\"250\"><source src=\"http:\/\/pranameditation.de\/wp-content\/uploads\/2018\/PGeV_SBY_oeffentlich_201801.mp4\" type=\"video\/mp4\" \/><\/video><\/p>\n<p>Superbrain Yoga hat eine reinigende und energetisierende Wirkung.<br \/>\nEs ist auch ein Mittel f\u00fcr Erfolg in jeder schulischen Leistungsgruppe (z.B. im Sport), um<br \/>\nselbst gesetzte Ziele zu erreichen. Sozial und emotional verbesserte Beziehungen wurden beobachtet und in Studien dokumentiert. Denkprozesse auf h\u00f6herer Ebene werden erm\u00f6glicht und bieten eine Chance, das Lernen mit mehr Begeisterung zu erleben.Um die Durchf\u00fchrung und die Korrektheit der \u00dcbungen zu gew\u00e4hrleisten, ist es empfehlenswert in einem Workshop die neuen Konzepte zu erlernen.<br \/>\n\u00a9 Annekatrin Brodersen<br \/>\nAutorisierte Pranalehrerin nach MCKS<\/p>\n<p><a href=\"http:\/\/pranameditation.de\/wp-content\/uploads\/2023\/03\/Anmeldung-Prana-Annekatrin.pdf\" data-wplink-edit=\"true\">Zur Seminar-Anmeldung<\/a><\/p>\n","protected":false},"excerpt":{"rendered":"<p>SuperBrain Yoga &#8222;Nur durch Bildung und eine h\u00f6here Intelligenz der Massen kann Frieden auf der ganzen Welt verwirklicht werden.&#8220; \u2013 MCKS Viele wissenschaftliche Studien belegen die F\u00e4higkeit unseres menschlichen Gehirns <a class=\"more-link\" href=\"https:\/\/pranameditation.de\/?page_id=35\">Continue Reading \u2192<\/a><\/p>\n","protected":false},"author":1,"featured_media":0,"parent":0,"menu_order":0,"comment_status":"closed","ping_status":"closed","template":"","meta":{"footnotes":""},"class_list":["post-35","page","type-page","status-publish","hentry"],"_links":{"self":[{"href":"https:\/\/pranameditation.de\/index.php?rest_route=\/wp\/v2\/pages\/35","targetHints":{"allow":["GET"]}}],"collection":[{"href":"https:\/\/pranameditation.de\/index.php?rest_route=\/wp\/v2\/pages"}],"about":[{"href":"https:\/\/pranameditation.de\/index.php?rest_route=\/wp\/v2\/types\/page"}],"author":[{"embeddable":true,"href":"https:\/\/pranameditation.de\/index.php?rest_route=\/wp\/v2\/users\/1"}],"replies":[{"embeddable":true,"href":"https:\/\/pranameditation.de\/index.php?rest_route=%2Fwp%2Fv2%2Fcomments&post=35"}],"version-history":[{"count":22,"href":"https:\/\/pranameditation.de\/index.php?rest_route=\/wp\/v2\/pages\/35\/revisions"}],"predecessor-version":[{"id":1436,"href":"https:\/\/pranameditation.de\/index.php?rest_route=\/wp\/v2\/pages\/35\/revisions\/1436"}],"wp:attachment":[{"href":"https:\/\/pranameditation.de\/index.php?rest_route=%2Fwp%2Fv2%2Fmedia&parent=35"}],"curies":[{"name":"wp","href":"https:\/\/api.w.org\/{rel}","templated":true}]}}