{"id":181,"date":"2016-12-22T21:44:53","date_gmt":"2016-12-22T20:44:53","guid":{"rendered":"http:\/\/pranameditation.de\/wordpress\/?page_id=181"},"modified":"2018-09-26T16:30:27","modified_gmt":"2018-09-26T14:30:27","slug":"kontakt","status":"publish","type":"page","link":"https:\/\/pranameditation.de\/?page_id=181","title":{"rendered":"Kontakt"},"content":{"rendered":"<p><strong><span style=\"font-size: 24px;\">Annekatrin Brodersen<\/span><\/strong><\/p>\n<p><a href=\"http:\/\/pranameditation.de\/wp-content\/uploads\/2017\/09\/annekatrin.jpg\"><img loading=\"lazy\" decoding=\"async\" class=\"alignnone wp-image-372\" src=\"http:\/\/pranameditation.de\/wp-content\/uploads\/2017\/09\/annekatrin-220x300.jpg\" alt=\"\" width=\"150\" height=\"205\" srcset=\"https:\/\/pranameditation.de\/wp-content\/uploads\/2017\/09\/annekatrin-220x300.jpg 220w, https:\/\/pranameditation.de\/wp-content\/uploads\/2017\/09\/annekatrin.jpg 639w\" sizes=\"auto, (max-width: 150px) 100vw, 150px\" \/><\/a><\/p>\n<p><span style=\"font-size: 20px;\">E-Mail: <a href=\"mailto:brodersen@pranameditation.de\">brodersen@pranameditation.de<\/a><\/span><\/p>\n<p><strong><span style=\"font-size: 20px;\"><br \/>\nPraxis + Veranstaltungen<br \/>\n<\/span><\/strong><span style=\"font-size: 20px;\">Pranazentrum, Carlsh\u00f6he Haus 42<\/span><br \/>\n<span style=\"font-size: 20px;\"> 24340 Eckernf\u00f6rde<\/span><\/p>\n<p><span style=\"font-size: 20px;\">Wrage Seminarcenter<\/span><br \/>\n<span style=\"font-size: 20px;\"> Schl\u00fcterstra\u00dfe 4<\/span><br \/>\n<span style=\"font-size: 20px;\"> 20146 Hamburg<\/span><\/p>\n<p><strong><span style=\"font-size: 20px;\"><br \/>\nInfo<br \/>\n<\/span><\/strong><span style=\"font-size: 20px;\">Erikastra\u00dfe 48<\/span><br \/>\n<span style=\"font-size: 20px;\"> 20251 Hamburg<\/span><br \/>\n<span style=\"font-size: 20px;\"> Telefon (040) 47 79 20<\/span><\/p>\n<p><span style=\"font-size: 20px;\">Prinzenstr. 45a,<\/span><br \/>\n<span style=\"font-size: 20px;\"> 24340 Eckernf\u00f6rde<\/span><br \/>\n<span style=\"font-size: 20px;\"> 04351-909 929<\/span><\/p>\n<p>&nbsp;<\/p>\n","protected":false},"excerpt":{"rendered":"<p>Annekatrin Brodersen E-Mail: brodersen@pranameditation.de Praxis + Veranstaltungen Pranazentrum, Carlsh\u00f6he Haus 42 24340 Eckernf\u00f6rde Wrage Seminarcenter Schl\u00fcterstra\u00dfe 4 20146 Hamburg Info Erikastra\u00dfe 48 20251 Hamburg Telefon (040) 47 79 20 Prinzenstr. <a class=\"more-link\" href=\"https:\/\/pranameditation.de\/?page_id=181\">Continue Reading \u2192<\/a><\/p>\n","protected":false},"author":1,"featured_media":0,"parent":0,"menu_order":0,"comment_status":"closed","ping_status":"closed","template":"","meta":{"footnotes":""},"class_list":["post-181","page","type-page","status-publish","hentry"],"_links":{"self":[{"href":"https:\/\/pranameditation.de\/index.php?rest_route=\/wp\/v2\/pages\/181","targetHints":{"allow":["GET"]}}],"collection":[{"href":"https:\/\/pranameditation.de\/index.php?rest_route=\/wp\/v2\/pages"}],"about":[{"href":"https:\/\/pranameditation.de\/index.php?rest_route=\/wp\/v2\/types\/page"}],"author":[{"embeddable":true,"href":"https:\/\/pranameditation.de\/index.php?rest_route=\/wp\/v2\/users\/1"}],"replies":[{"embeddable":true,"href":"https:\/\/pranameditation.de\/index.php?rest_route=%2Fwp%2Fv2%2Fcomments&post=181"}],"version-history":[{"count":24,"href":"https:\/\/pranameditation.de\/index.php?rest_route=\/wp\/v2\/pages\/181\/revisions"}],"predecessor-version":[{"id":920,"href":"https:\/\/pranameditation.de\/index.php?rest_route=\/wp\/v2\/pages\/181\/revisions\/920"}],"wp:attachment":[{"href":"https:\/\/pranameditation.de\/index.php?rest_route=%2Fwp%2Fv2%2Fmedia&parent=181"}],"curies":[{"name":"wp","href":"https:\/\/api.w.org\/{rel}","templated":true}]}}