{"id":410,"date":"2017-09-06T15:46:04","date_gmt":"2017-09-06T13:46:04","guid":{"rendered":"http:\/\/pranameditation.de\/?page_id=410"},"modified":"2023-03-10T22:04:15","modified_gmt":"2023-03-10T21:04:15","slug":"dokumente","status":"publish","type":"page","link":"http:\/\/pranameditation.de\/?page_id=410","title":{"rendered":"Dokumente"},"content":{"rendered":"<p><strong>Dokumente<\/strong><\/p>\n<ul>\n<li><a href=\"http:\/\/pranameditation.de\/wp-content\/uploads\/2023\/03\/Anmeldung-Prana-Annekatrin.pdf\">Seminar-Anmeldung<\/a><br \/>\n(pdf-Dokument)<\/li>\n<li><a href=\"http:\/\/pranameditation.de\/wp-content\/uploads\/2017\/12\/PGeV_Zuschussantrag.pdf\">Antrag f\u00fcr Zuschuss zur Kursgeb\u00fchr von Prana-Kursen<\/a><br \/>\n(pdf-Dokument des Prana Germany e.V.)<\/li>\n<li><a href=\"http:\/\/pranameditation.de\/wp-content\/uploads\/2017\/09\/PGeV_Anwendungsrichtlinie.pdf\">Richtlinie f\u00fcr Prana-Anwendungen<\/a><br \/>\n(pdf-Dokument des Prana Germany e.V.)<\/li>\n<li><a href=\"http:\/\/pranameditation.de\/wp-content\/uploads\/2018\/08\/ABFlyerAug18gelb-1.pdf\">Info \u00fcber mich<\/a><br \/>\n(pdf- Flyer mit Kontaktdaten)<\/li>\n<\/ul>\n","protected":false},"excerpt":{"rendered":"<p>Dokumente Seminar-Anmeldung (pdf-Dokument) Antrag f\u00fcr Zuschuss zur Kursgeb\u00fchr von Prana-Kursen (pdf-Dokument des Prana Germany e.V.) Richtlinie f\u00fcr Prana-Anwendungen (pdf-Dokument des Prana Germany e.V.) Info \u00fcber mich (pdf- Flyer mit Kontaktdaten)<\/p>\n","protected":false},"author":1,"featured_media":0,"parent":0,"menu_order":0,"comment_status":"closed","ping_status":"closed","template":"","meta":{"footnotes":""},"class_list":["post-410","page","type-page","status-publish","hentry"],"_links":{"self":[{"href":"http:\/\/pranameditation.de\/index.php?rest_route=\/wp\/v2\/pages\/410","targetHints":{"allow":["GET"]}}],"collection":[{"href":"http:\/\/pranameditation.de\/index.php?rest_route=\/wp\/v2\/pages"}],"about":[{"href":"http:\/\/pranameditation.de\/index.php?rest_route=\/wp\/v2\/types\/page"}],"author":[{"embeddable":true,"href":"http:\/\/pranameditation.de\/index.php?rest_route=\/wp\/v2\/users\/1"}],"replies":[{"embeddable":true,"href":"http:\/\/pranameditation.de\/index.php?rest_route=%2Fwp%2Fv2%2Fcomments&post=410"}],"version-history":[{"count":12,"href":"http:\/\/pranameditation.de\/index.php?rest_route=\/wp\/v2\/pages\/410\/revisions"}],"predecessor-version":[{"id":1337,"href":"http:\/\/pranameditation.de\/index.php?rest_route=\/wp\/v2\/pages\/410\/revisions\/1337"}],"wp:attachment":[{"href":"http:\/\/pranameditation.de\/index.php?rest_route=%2Fwp%2Fv2%2Fmedia&parent=410"}],"curies":[{"name":"wp","href":"https:\/\/api.w.org\/{rel}","templated":true}]}}